{"id":1944,"date":"2024-04-26T18:29:59","date_gmt":"2024-04-26T22:29:59","guid":{"rendered":"https:\/\/tulibreando.com\/?post_type=product&#038;p=1944"},"modified":"2024-06-06T15:17:18","modified_gmt":"2024-06-06T19:17:18","slug":"los-anos-de-peregrinacion-del-chico-sin-color","status":"publish","type":"product","link":"https:\/\/tulibreando.com\/index.php\/product\/los-anos-de-peregrinacion-del-chico-sin-color\/","title":{"rendered":"Los a\u00f1os de peregrinacion del chico sin color"},"content":{"rendered":"<p>La novela, con su caracter\u00edstica melancol\u00eda y misterio, nos invita a reflexionar sobre la b\u00fasqueda de sentido y la importancia de los lazos afectivos en nuestra existencia. Si te interesan las historias introspectivas y evocadoras, Los a\u00f1os de peregrinaci\u00f3n del chico sin color podr\u00eda cautivarte<\/p>\n","protected":false},"excerpt":{"rendered":"<p>La novela, con su caracter\u00edstica melancol\u00eda y misterio, nos invita a reflexionar sobre la b\u00fasqueda de sentido y la importancia de los lazos afectivos en nuestra existencia. Si te interesan las historias introspectivas y evocadoras, Los a\u00f1os de peregrinaci\u00f3n del chico sin color podr\u00eda cautivarte<\/p>\n","protected":false},"featured_media":1922,"comment_status":"open","ping_status":"closed","template":"","meta":{"_acf_changed":false,"product_autor":""},"product_cat":[45],"product_tag":[],"class_list":{"0":"post-1944","1":"product","2":"type-product","3":"status-publish","4":"has-post-thumbnail","6":"product_cat-literatura-y-novelas","8":"first","9":"instock","10":"virtual","11":"product-type-simple"},"acf":[],"_links":{"self":[{"href":"https:\/\/tulibreando.com\/index.php\/wp-json\/wp\/v2\/product\/1944"}],"collection":[{"href":"https:\/\/tulibreando.com\/index.php\/wp-json\/wp\/v2\/product"}],"about":[{"href":"https:\/\/tulibreando.com\/index.php\/wp-json\/wp\/v2\/types\/product"}],"replies":[{"embeddable":true,"href":"https:\/\/tulibreando.com\/index.php\/wp-json\/wp\/v2\/comments?post=1944"}],"wp:featuredmedia":[{"embeddable":true,"href":"https:\/\/tulibreando.com\/index.php\/wp-json\/wp\/v2\/media\/1922"}],"wp:attachment":[{"href":"https:\/\/tulibreando.com\/index.php\/wp-json\/wp\/v2\/media?parent=1944"}],"wp:term":[{"taxonomy":"product_cat","embeddable":true,"href":"https:\/\/tulibreando.com\/index.php\/wp-json\/wp\/v2\/product_cat?post=1944"},{"taxonomy":"product_tag","embeddable":true,"href":"https:\/\/tulibreando.com\/index.php\/wp-json\/wp\/v2\/product_tag?post=1944"}],"curies":[{"name":"wp","href":"https:\/\/api.w.org\/{rel}","templated":true}]}}