{"id":1938,"date":"2024-04-26T18:29:58","date_gmt":"2024-04-26T22:29:58","guid":{"rendered":"https:\/\/tulibreando.com\/?post_type=product&#038;p=1938"},"modified":"2024-06-06T15:17:18","modified_gmt":"2024-06-06T19:17:18","slug":"escrito-en-el-agua","status":"publish","type":"product","link":"https:\/\/tulibreando.com\/index.php\/product\/escrito-en-el-agua\/","title":{"rendered":"Escrito en el agua"},"content":{"rendered":"<p>Pocos d\u00edas antes de morir, Nel Abbott estuvo llamando a su hermana, Jules, pero esta no cogi\u00f3 el tel\u00e9fono y ignor\u00f3 sus s\u00faplicas de ayuda. Ahora, Nel est\u00e1 muerta. Se dice que salt\u00f3 al r\u00edo. Jules se ve arrastrada al peque\u00f1o pueblo de los veranos de su infancia, un lugar del que cre\u00eda haber escapado, para cuidar de la adolescente que su hermana deja atr\u00e1s.<\/p>\n","protected":false},"excerpt":{"rendered":"<p>Pocos d\u00edas antes de morir, Nel Abbott estuvo llamando a su hermana, Jules, pero esta no cogi\u00f3 el tel\u00e9fono y ignor\u00f3 sus s\u00faplicas de ayuda. Ahora, Nel est\u00e1 muerta. Se dice que salt\u00f3 al r\u00edo. Jules se ve arrastrada al peque\u00f1o pueblo de los veranos de su infancia, un lugar del que cre\u00eda haber escapado, [&hellip;]<\/p>\n","protected":false},"featured_media":1928,"comment_status":"open","ping_status":"closed","template":"","meta":{"_acf_changed":false,"product_autor":""},"product_cat":[45],"product_tag":[],"class_list":{"0":"post-1938","1":"product","2":"type-product","3":"status-publish","4":"has-post-thumbnail","6":"product_cat-literatura-y-novelas","8":"first","9":"instock","10":"virtual","11":"purchasable","12":"product-type-simple"},"acf":[],"_links":{"self":[{"href":"https:\/\/tulibreando.com\/index.php\/wp-json\/wp\/v2\/product\/1938"}],"collection":[{"href":"https:\/\/tulibreando.com\/index.php\/wp-json\/wp\/v2\/product"}],"about":[{"href":"https:\/\/tulibreando.com\/index.php\/wp-json\/wp\/v2\/types\/product"}],"replies":[{"embeddable":true,"href":"https:\/\/tulibreando.com\/index.php\/wp-json\/wp\/v2\/comments?post=1938"}],"wp:featuredmedia":[{"embeddable":true,"href":"https:\/\/tulibreando.com\/index.php\/wp-json\/wp\/v2\/media\/1928"}],"wp:attachment":[{"href":"https:\/\/tulibreando.com\/index.php\/wp-json\/wp\/v2\/media?parent=1938"}],"wp:term":[{"taxonomy":"product_cat","embeddable":true,"href":"https:\/\/tulibreando.com\/index.php\/wp-json\/wp\/v2\/product_cat?post=1938"},{"taxonomy":"product_tag","embeddable":true,"href":"https:\/\/tulibreando.com\/index.php\/wp-json\/wp\/v2\/product_tag?post=1938"}],"curies":[{"name":"wp","href":"https:\/\/api.w.org\/{rel}","templated":true}]}}