{"id":1909,"date":"2024-04-21T19:40:08","date_gmt":"2024-04-21T23:40:08","guid":{"rendered":"https:\/\/tulibreando.com\/?post_type=product&#038;p=1909"},"modified":"2024-06-06T15:17:15","modified_gmt":"2024-06-06T19:17:15","slug":"querido-hijo-estas-despedido","status":"publish","type":"product","link":"https:\/\/tulibreando.com\/index.php\/product\/querido-hijo-estas-despedido\/","title":{"rendered":"Querido hijo estas despedido"},"content":{"rendered":"","protected":false},"excerpt":{"rendered":"<p>Miguel no se le puede creer: su madre acaba de darle una carta de despido. Por desordenado, por travieso, por desobediente y mal estudiante, tiene que abandonar la casa en treinta d\u00edas. S\u00ed, est\u00e1 despedido. Durante este mes, Miguel intentar\u00e1 portarse bien, pero no le sale. Cuando llega la temida fecha&#8230; en un pis-pas est\u00e1 en la calle. Miguel descubrir\u00e1 entonces lo bien que se est\u00e1 en casa, a\u00f1orar\u00e1 el orden, las comidas&#8230; y hasta el colegio. \u00bfLograr\u00e1 Miguel una segunda oportunidad?.<\/p>\n","protected":false},"featured_media":1847,"comment_status":"open","ping_status":"closed","template":"","meta":{"_acf_changed":false,"product_autor":""},"product_cat":[46],"product_tag":[],"class_list":{"0":"post-1909","1":"product","2":"type-product","3":"status-publish","4":"has-post-thumbnail","6":"product_cat-para-peques-y-no-tan-peques","8":"first","9":"instock","10":"virtual","11":"purchasable","12":"product-type-simple"},"acf":[],"_links":{"self":[{"href":"https:\/\/tulibreando.com\/index.php\/wp-json\/wp\/v2\/product\/1909"}],"collection":[{"href":"https:\/\/tulibreando.com\/index.php\/wp-json\/wp\/v2\/product"}],"about":[{"href":"https:\/\/tulibreando.com\/index.php\/wp-json\/wp\/v2\/types\/product"}],"replies":[{"embeddable":true,"href":"https:\/\/tulibreando.com\/index.php\/wp-json\/wp\/v2\/comments?post=1909"}],"wp:featuredmedia":[{"embeddable":true,"href":"https:\/\/tulibreando.com\/index.php\/wp-json\/wp\/v2\/media\/1847"}],"wp:attachment":[{"href":"https:\/\/tulibreando.com\/index.php\/wp-json\/wp\/v2\/media?parent=1909"}],"wp:term":[{"taxonomy":"product_cat","embeddable":true,"href":"https:\/\/tulibreando.com\/index.php\/wp-json\/wp\/v2\/product_cat?post=1909"},{"taxonomy":"product_tag","embeddable":true,"href":"https:\/\/tulibreando.com\/index.php\/wp-json\/wp\/v2\/product_tag?post=1909"}],"curies":[{"name":"wp","href":"https:\/\/api.w.org\/{rel}","templated":true}]}}