{"id":1908,"date":"2024-04-21T19:40:08","date_gmt":"2024-04-21T23:40:08","guid":{"rendered":"https:\/\/tulibreando.com\/?post_type=product&#038;p=1908"},"modified":"2024-06-06T15:17:15","modified_gmt":"2024-06-06T19:17:15","slug":"una-cama-para-tres","status":"publish","type":"product","link":"https:\/\/tulibreando.com\/index.php\/product\/una-cama-para-tres\/","title":{"rendered":"Una cama para tres"},"content":{"rendered":"","protected":false},"excerpt":{"rendered":"<p>Sientes miedo en la noche? Temes que al dormir enormes monstruos invadan tu dormitorio? No temas, t\u00fa no est\u00e1s solo. Cuando la madre de Andr\u00e9s le apaga la luz para que se duerma, aparece en el cuarto de Andr\u00e9s un enorme drag\u00f3n y se sube a su cama. Andr\u00e9s y sus padres deben encontrar una forma para deshacerse del drag\u00f3n, de otro modo, ninguno podr\u00e1 conciliar el sue\u00f1o y descansar. Si bien los adultos siempre saben m\u00e1s y quieren decidir todo, no tienen una respuesta convincente respecto de por qu\u00e9 a los ni\u00f1os no se les permite meterse a la cama de sus padres cuando tienen miedo. Este libro relata con humor el temor de un peque\u00f1o a so\u00f1ar sus propias pesadillas y nos cuenta cu\u00e1l fue la soluci\u00f3n que encontr\u00f3 con la ayuda de su padre. Tiene hermosas ilustraciones a todos color. Recomendado para ni\u00f1os desde los 5 a\u00f1os.<\/p>\n","protected":false},"featured_media":1848,"comment_status":"open","ping_status":"closed","template":"","meta":{"_acf_changed":false,"product_autor":""},"product_cat":[46],"product_tag":[],"class_list":{"0":"post-1908","1":"product","2":"type-product","3":"status-publish","4":"has-post-thumbnail","6":"product_cat-para-peques-y-no-tan-peques","8":"first","9":"instock","10":"virtual","11":"purchasable","12":"product-type-simple"},"acf":[],"_links":{"self":[{"href":"https:\/\/tulibreando.com\/index.php\/wp-json\/wp\/v2\/product\/1908"}],"collection":[{"href":"https:\/\/tulibreando.com\/index.php\/wp-json\/wp\/v2\/product"}],"about":[{"href":"https:\/\/tulibreando.com\/index.php\/wp-json\/wp\/v2\/types\/product"}],"replies":[{"embeddable":true,"href":"https:\/\/tulibreando.com\/index.php\/wp-json\/wp\/v2\/comments?post=1908"}],"wp:featuredmedia":[{"embeddable":true,"href":"https:\/\/tulibreando.com\/index.php\/wp-json\/wp\/v2\/media\/1848"}],"wp:attachment":[{"href":"https:\/\/tulibreando.com\/index.php\/wp-json\/wp\/v2\/media?parent=1908"}],"wp:term":[{"taxonomy":"product_cat","embeddable":true,"href":"https:\/\/tulibreando.com\/index.php\/wp-json\/wp\/v2\/product_cat?post=1908"},{"taxonomy":"product_tag","embeddable":true,"href":"https:\/\/tulibreando.com\/index.php\/wp-json\/wp\/v2\/product_tag?post=1908"}],"curies":[{"name":"wp","href":"https:\/\/api.w.org\/{rel}","templated":true}]}}