{"id":1907,"date":"2024-04-21T19:40:08","date_gmt":"2024-04-21T23:40:08","guid":{"rendered":"https:\/\/tulibreando.com\/?post_type=product&#038;p=1907"},"modified":"2024-06-06T15:17:15","modified_gmt":"2024-06-06T19:17:15","slug":"carnavalito","status":"publish","type":"product","link":"https:\/\/tulibreando.com\/index.php\/product\/carnavalito\/","title":{"rendered":"Carnavalito"},"content":{"rendered":"","protected":false},"excerpt":{"rendered":"<p>Una gata y un rat\u00f3n enamorados, un equipo de f\u00fatbol de animales, los chismes de Do\u00f1a Espinaca y Don Perejil\u0085 Estos y muchos m\u00e1s personajes e historias llenas de humor y picard\u00eda guarda este libro.<\/p>\n","protected":false},"featured_media":1849,"comment_status":"open","ping_status":"closed","template":"","meta":{"_acf_changed":false,"product_autor":""},"product_cat":[46],"product_tag":[],"class_list":{"0":"post-1907","1":"product","2":"type-product","3":"status-publish","4":"has-post-thumbnail","6":"product_cat-para-peques-y-no-tan-peques","8":"first","9":"instock","10":"virtual","11":"purchasable","12":"product-type-simple"},"acf":[],"_links":{"self":[{"href":"https:\/\/tulibreando.com\/index.php\/wp-json\/wp\/v2\/product\/1907"}],"collection":[{"href":"https:\/\/tulibreando.com\/index.php\/wp-json\/wp\/v2\/product"}],"about":[{"href":"https:\/\/tulibreando.com\/index.php\/wp-json\/wp\/v2\/types\/product"}],"replies":[{"embeddable":true,"href":"https:\/\/tulibreando.com\/index.php\/wp-json\/wp\/v2\/comments?post=1907"}],"wp:featuredmedia":[{"embeddable":true,"href":"https:\/\/tulibreando.com\/index.php\/wp-json\/wp\/v2\/media\/1849"}],"wp:attachment":[{"href":"https:\/\/tulibreando.com\/index.php\/wp-json\/wp\/v2\/media?parent=1907"}],"wp:term":[{"taxonomy":"product_cat","embeddable":true,"href":"https:\/\/tulibreando.com\/index.php\/wp-json\/wp\/v2\/product_cat?post=1907"},{"taxonomy":"product_tag","embeddable":true,"href":"https:\/\/tulibreando.com\/index.php\/wp-json\/wp\/v2\/product_tag?post=1907"}],"curies":[{"name":"wp","href":"https:\/\/api.w.org\/{rel}","templated":true}]}}