{"id":1906,"date":"2024-04-21T19:40:08","date_gmt":"2024-04-21T23:40:08","guid":{"rendered":"https:\/\/tulibreando.com\/?post_type=product&#038;p=1906"},"modified":"2024-06-06T15:17:15","modified_gmt":"2024-06-06T19:17:15","slug":"el-despertar-de-un-unicornio","status":"publish","type":"product","link":"https:\/\/tulibreando.com\/index.php\/product\/el-despertar-de-un-unicornio\/","title":{"rendered":"El despertar de un unicornio"},"content":{"rendered":"","protected":false},"excerpt":{"rendered":"<p>\u00bfPero qu\u00e9 pasa aqu\u00ed? Soy un unicornio \u00bfo no lo soy? S\u00ed, claro que lo soy, tambi\u00e9n hay hadas y \u00e1ngeles\u0085 pero\u0085 \u00bflas hadas y los \u00e1ngeles existen? Y si ellos no existen \u00bftampoco yo? Qu\u00e9 confusi\u00f3n\u0085<\/p>\n","protected":false},"featured_media":1850,"comment_status":"open","ping_status":"closed","template":"","meta":{"_acf_changed":false,"product_autor":""},"product_cat":[46],"product_tag":[],"class_list":{"0":"post-1906","1":"product","2":"type-product","3":"status-publish","4":"has-post-thumbnail","6":"product_cat-para-peques-y-no-tan-peques","8":"first","9":"instock","10":"virtual","11":"purchasable","12":"product-type-simple"},"acf":[],"_links":{"self":[{"href":"https:\/\/tulibreando.com\/index.php\/wp-json\/wp\/v2\/product\/1906"}],"collection":[{"href":"https:\/\/tulibreando.com\/index.php\/wp-json\/wp\/v2\/product"}],"about":[{"href":"https:\/\/tulibreando.com\/index.php\/wp-json\/wp\/v2\/types\/product"}],"replies":[{"embeddable":true,"href":"https:\/\/tulibreando.com\/index.php\/wp-json\/wp\/v2\/comments?post=1906"}],"wp:featuredmedia":[{"embeddable":true,"href":"https:\/\/tulibreando.com\/index.php\/wp-json\/wp\/v2\/media\/1850"}],"wp:attachment":[{"href":"https:\/\/tulibreando.com\/index.php\/wp-json\/wp\/v2\/media?parent=1906"}],"wp:term":[{"taxonomy":"product_cat","embeddable":true,"href":"https:\/\/tulibreando.com\/index.php\/wp-json\/wp\/v2\/product_cat?post=1906"},{"taxonomy":"product_tag","embeddable":true,"href":"https:\/\/tulibreando.com\/index.php\/wp-json\/wp\/v2\/product_tag?post=1906"}],"curies":[{"name":"wp","href":"https:\/\/api.w.org\/{rel}","templated":true}]}}