{"id":1902,"date":"2024-04-21T19:40:08","date_gmt":"2024-04-21T23:40:08","guid":{"rendered":"https:\/\/tulibreando.com\/?post_type=product&#038;p=1902"},"modified":"2024-06-06T15:17:14","modified_gmt":"2024-06-06T19:17:14","slug":"miguel-luna-contra-la-bestia-del-bosque","status":"publish","type":"product","link":"https:\/\/tulibreando.com\/index.php\/product\/miguel-luna-contra-la-bestia-del-bosque\/","title":{"rendered":"Miguel luna contra la bestia del bosque"},"content":{"rendered":"","protected":false},"excerpt":{"rendered":"<p>el detective Miguel Luna debe enfrentar, junto a su amigo Tom\u00e1s, a una bestia invisible que ha salido de un extra\u00f1o bosque. Los adultos comienzan a padecer una rara enfermedad. Los dos compa\u00f1eros de aventuras deben resolver varios enigmas al acecho de la bestia implacable<\/p>\n","protected":false},"featured_media":1854,"comment_status":"open","ping_status":"closed","template":"","meta":{"_acf_changed":false,"product_autor":""},"product_cat":[46],"product_tag":[],"class_list":{"0":"post-1902","1":"product","2":"type-product","3":"status-publish","4":"has-post-thumbnail","6":"product_cat-para-peques-y-no-tan-peques","8":"first","9":"instock","10":"virtual","11":"purchasable","12":"product-type-simple"},"acf":[],"_links":{"self":[{"href":"https:\/\/tulibreando.com\/index.php\/wp-json\/wp\/v2\/product\/1902"}],"collection":[{"href":"https:\/\/tulibreando.com\/index.php\/wp-json\/wp\/v2\/product"}],"about":[{"href":"https:\/\/tulibreando.com\/index.php\/wp-json\/wp\/v2\/types\/product"}],"replies":[{"embeddable":true,"href":"https:\/\/tulibreando.com\/index.php\/wp-json\/wp\/v2\/comments?post=1902"}],"wp:featuredmedia":[{"embeddable":true,"href":"https:\/\/tulibreando.com\/index.php\/wp-json\/wp\/v2\/media\/1854"}],"wp:attachment":[{"href":"https:\/\/tulibreando.com\/index.php\/wp-json\/wp\/v2\/media?parent=1902"}],"wp:term":[{"taxonomy":"product_cat","embeddable":true,"href":"https:\/\/tulibreando.com\/index.php\/wp-json\/wp\/v2\/product_cat?post=1902"},{"taxonomy":"product_tag","embeddable":true,"href":"https:\/\/tulibreando.com\/index.php\/wp-json\/wp\/v2\/product_tag?post=1902"}],"curies":[{"name":"wp","href":"https:\/\/api.w.org\/{rel}","templated":true}]}}