{"id":1900,"date":"2024-04-21T19:40:07","date_gmt":"2024-04-21T23:40:07","guid":{"rendered":"https:\/\/tulibreando.com\/?post_type=product&#038;p=1900"},"modified":"2024-06-06T15:17:14","modified_gmt":"2024-06-06T19:17:14","slug":"raton-vampiro-se-cocnocen","status":"publish","type":"product","link":"https:\/\/tulibreando.com\/index.php\/product\/raton-vampiro-se-cocnocen\/","title":{"rendered":"Raton vampiro se cocnocen"},"content":{"rendered":"","protected":false},"excerpt":{"rendered":"<p>El cuento Rat\u00f3n y Vampiro, fue editado por primera vez en 1993 por la editorial Monte\u00e1vila. Luego de m\u00e1s de una d\u00e9cada, la publicaci\u00f3n lleg\u00f3 a manos de la cabecilla de la Editorial Lugar Com\u00fan, Garcilaso Pumar e hizo que cobrara vida, otra vez, pero en una nueva versi\u00f3n: a modo de libro cuenta cuentos. El concepto de Pumar ten\u00eda como prop\u00f3sito reunir cada una de las peripecias de Rat\u00f3n y Vampiro \u0097que la autora anteriormente hab\u00eda vendido por separado. Y como todo merec\u00eda remozarse, el ilustrador, Jefferson Quintana, renovar\u00eda su imagen con un dise\u00f1o innovador y dibujos de colecci\u00f3n.<\/p>\n","protected":false},"featured_media":1856,"comment_status":"open","ping_status":"closed","template":"","meta":{"_acf_changed":false,"product_autor":""},"product_cat":[46],"product_tag":[],"class_list":{"0":"post-1900","1":"product","2":"type-product","3":"status-publish","4":"has-post-thumbnail","6":"product_cat-para-peques-y-no-tan-peques","8":"first","9":"instock","10":"virtual","11":"purchasable","12":"product-type-simple"},"acf":[],"_links":{"self":[{"href":"https:\/\/tulibreando.com\/index.php\/wp-json\/wp\/v2\/product\/1900"}],"collection":[{"href":"https:\/\/tulibreando.com\/index.php\/wp-json\/wp\/v2\/product"}],"about":[{"href":"https:\/\/tulibreando.com\/index.php\/wp-json\/wp\/v2\/types\/product"}],"replies":[{"embeddable":true,"href":"https:\/\/tulibreando.com\/index.php\/wp-json\/wp\/v2\/comments?post=1900"}],"wp:featuredmedia":[{"embeddable":true,"href":"https:\/\/tulibreando.com\/index.php\/wp-json\/wp\/v2\/media\/1856"}],"wp:attachment":[{"href":"https:\/\/tulibreando.com\/index.php\/wp-json\/wp\/v2\/media?parent=1900"}],"wp:term":[{"taxonomy":"product_cat","embeddable":true,"href":"https:\/\/tulibreando.com\/index.php\/wp-json\/wp\/v2\/product_cat?post=1900"},{"taxonomy":"product_tag","embeddable":true,"href":"https:\/\/tulibreando.com\/index.php\/wp-json\/wp\/v2\/product_tag?post=1900"}],"curies":[{"name":"wp","href":"https:\/\/api.w.org\/{rel}","templated":true}]}}