{"id":1898,"date":"2024-04-21T19:40:07","date_gmt":"2024-04-21T23:40:07","guid":{"rendered":"https:\/\/tulibreando.com\/?post_type=product&#038;p=1898"},"modified":"2024-06-06T15:17:14","modified_gmt":"2024-06-06T19:17:14","slug":"beltran-en-el-bosque","status":"publish","type":"product","link":"https:\/\/tulibreando.com\/index.php\/product\/beltran-en-el-bosque\/","title":{"rendered":"Beltran en el bosque"},"content":{"rendered":"","protected":false},"excerpt":{"rendered":"<p>Esta es la historia de Beltr\u00e1n, un curioso erizo que decide partir de su casa a conocer el mundo m\u00e1s all\u00e1 del bosque. Durante su viaje se encuentra con muchos animales: en su viaje se encuentra con muchos animales: el b\u00faho, un lir\u00f3n, una familia de tejones, p\u00e1jaros rabilargos, un caracol y una ardilla que se convierte en su gran amiga.<\/p>\n","protected":false},"featured_media":1858,"comment_status":"open","ping_status":"closed","template":"","meta":{"_acf_changed":false,"product_autor":""},"product_cat":[46],"product_tag":[],"class_list":{"0":"post-1898","1":"product","2":"type-product","3":"status-publish","4":"has-post-thumbnail","6":"product_cat-para-peques-y-no-tan-peques","8":"first","9":"instock","10":"virtual","11":"purchasable","12":"product-type-simple"},"acf":[],"_links":{"self":[{"href":"https:\/\/tulibreando.com\/index.php\/wp-json\/wp\/v2\/product\/1898"}],"collection":[{"href":"https:\/\/tulibreando.com\/index.php\/wp-json\/wp\/v2\/product"}],"about":[{"href":"https:\/\/tulibreando.com\/index.php\/wp-json\/wp\/v2\/types\/product"}],"replies":[{"embeddable":true,"href":"https:\/\/tulibreando.com\/index.php\/wp-json\/wp\/v2\/comments?post=1898"}],"wp:featuredmedia":[{"embeddable":true,"href":"https:\/\/tulibreando.com\/index.php\/wp-json\/wp\/v2\/media\/1858"}],"wp:attachment":[{"href":"https:\/\/tulibreando.com\/index.php\/wp-json\/wp\/v2\/media?parent=1898"}],"wp:term":[{"taxonomy":"product_cat","embeddable":true,"href":"https:\/\/tulibreando.com\/index.php\/wp-json\/wp\/v2\/product_cat?post=1898"},{"taxonomy":"product_tag","embeddable":true,"href":"https:\/\/tulibreando.com\/index.php\/wp-json\/wp\/v2\/product_tag?post=1898"}],"curies":[{"name":"wp","href":"https:\/\/api.w.org\/{rel}","templated":true}]}}