{"id":1896,"date":"2024-04-21T19:40:07","date_gmt":"2024-04-21T23:40:07","guid":{"rendered":"https:\/\/tulibreando.com\/?post_type=product&#038;p=1896"},"modified":"2024-06-06T15:17:14","modified_gmt":"2024-06-06T19:17:14","slug":"la-laguna-luminosa","status":"publish","type":"product","link":"https:\/\/tulibreando.com\/index.php\/product\/la-laguna-luminosa\/","title":{"rendered":"La laguna luminosa"},"content":{"rendered":"","protected":false},"excerpt":{"rendered":"<p>En la calma de una agradable noche de verano, una rana y un sapo contemplan el espect\u00e1culo de un cielo estrellado. Cautivados por el misterio de ese inmenso espacio de luz y oscuridad, se hacen preguntas. A este di\u00e1logo se suman pronto un b\u00faho y un pato, que se plantear\u00e1n nuevos interrogantes.<\/p>\n","protected":false},"featured_media":1860,"comment_status":"open","ping_status":"closed","template":"","meta":{"_acf_changed":false,"product_autor":""},"product_cat":[46],"product_tag":[],"class_list":{"0":"post-1896","1":"product","2":"type-product","3":"status-publish","4":"has-post-thumbnail","6":"product_cat-para-peques-y-no-tan-peques","8":"first","9":"instock","10":"virtual","11":"purchasable","12":"product-type-simple"},"acf":[],"_links":{"self":[{"href":"https:\/\/tulibreando.com\/index.php\/wp-json\/wp\/v2\/product\/1896"}],"collection":[{"href":"https:\/\/tulibreando.com\/index.php\/wp-json\/wp\/v2\/product"}],"about":[{"href":"https:\/\/tulibreando.com\/index.php\/wp-json\/wp\/v2\/types\/product"}],"replies":[{"embeddable":true,"href":"https:\/\/tulibreando.com\/index.php\/wp-json\/wp\/v2\/comments?post=1896"}],"wp:featuredmedia":[{"embeddable":true,"href":"https:\/\/tulibreando.com\/index.php\/wp-json\/wp\/v2\/media\/1860"}],"wp:attachment":[{"href":"https:\/\/tulibreando.com\/index.php\/wp-json\/wp\/v2\/media?parent=1896"}],"wp:term":[{"taxonomy":"product_cat","embeddable":true,"href":"https:\/\/tulibreando.com\/index.php\/wp-json\/wp\/v2\/product_cat?post=1896"},{"taxonomy":"product_tag","embeddable":true,"href":"https:\/\/tulibreando.com\/index.php\/wp-json\/wp\/v2\/product_tag?post=1896"}],"curies":[{"name":"wp","href":"https:\/\/api.w.org\/{rel}","templated":true}]}}