{"id":1838,"date":"2024-04-18T16:02:43","date_gmt":"2024-04-18T20:02:43","guid":{"rendered":"https:\/\/tulibreando.com\/?post_type=product&#038;p=1838"},"modified":"2024-06-06T15:17:13","modified_gmt":"2024-06-06T19:17:13","slug":"el-libro-del-amor","status":"publish","type":"product","link":"https:\/\/tulibreando.com\/index.php\/product\/el-libro-del-amor\/","title":{"rendered":"El libro del amor"},"content":{"rendered":"","protected":false},"excerpt":{"rendered":"<p>Es una antolog\u00eda po\u00e9tica que recoge ochenta poemas de diversos autores, abarcando dos mil a\u00f1os de experiencia amorosa. En esta obra, el amor se presenta como una empresa que solo puede realizarse con el concurso de otro, incluso en su ausencia<\/p>\n","protected":false},"featured_media":1830,"comment_status":"open","ping_status":"closed","template":"","meta":{"_acf_changed":false,"product_autor":""},"product_cat":[39,36],"product_tag":[],"class_list":{"0":"post-1838","1":"product","2":"type-product","3":"status-publish","4":"has-post-thumbnail","6":"product_cat-crecimiento-personal","7":"product_cat-libros","9":"first","10":"instock","11":"virtual","12":"purchasable","13":"product-type-simple"},"acf":[],"_links":{"self":[{"href":"https:\/\/tulibreando.com\/index.php\/wp-json\/wp\/v2\/product\/1838"}],"collection":[{"href":"https:\/\/tulibreando.com\/index.php\/wp-json\/wp\/v2\/product"}],"about":[{"href":"https:\/\/tulibreando.com\/index.php\/wp-json\/wp\/v2\/types\/product"}],"replies":[{"embeddable":true,"href":"https:\/\/tulibreando.com\/index.php\/wp-json\/wp\/v2\/comments?post=1838"}],"wp:featuredmedia":[{"embeddable":true,"href":"https:\/\/tulibreando.com\/index.php\/wp-json\/wp\/v2\/media\/1830"}],"wp:attachment":[{"href":"https:\/\/tulibreando.com\/index.php\/wp-json\/wp\/v2\/media?parent=1838"}],"wp:term":[{"taxonomy":"product_cat","embeddable":true,"href":"https:\/\/tulibreando.com\/index.php\/wp-json\/wp\/v2\/product_cat?post=1838"},{"taxonomy":"product_tag","embeddable":true,"href":"https:\/\/tulibreando.com\/index.php\/wp-json\/wp\/v2\/product_tag?post=1838"}],"curies":[{"name":"wp","href":"https:\/\/api.w.org\/{rel}","templated":true}]}}