{"id":1835,"date":"2024-04-18T16:02:43","date_gmt":"2024-04-18T20:02:43","guid":{"rendered":"https:\/\/tulibreando.com\/?post_type=product&#038;p=1835"},"modified":"2024-06-06T15:17:13","modified_gmt":"2024-06-06T19:17:13","slug":"la-milla-verde","status":"publish","type":"product","link":"https:\/\/tulibreando.com\/index.php\/product\/la-milla-verde\/","title":{"rendered":"La milla verde"},"content":{"rendered":"","protected":false},"excerpt":{"rendered":"<p>La Milla Verde\u0094 es una novela de Stephen King que se desarrolla en 1932 en la penitenciar\u00eda de Cold Mountain. La historia sigue a los condenados a muerte que esperan su turno para ser llevados a la silla el\u00e9ctrica. Entre ellos est\u00e1 John Coffey, un hombre de gran tama\u00f1o con la mente de un ni\u00f1o, condenado por el asesinato y violaci\u00f3n de dos ni\u00f1as.<\/p>\n","protected":false},"featured_media":1833,"comment_status":"open","ping_status":"closed","template":"","meta":{"_acf_changed":false,"product_autor":""},"product_cat":[45],"product_tag":[],"class_list":{"0":"post-1835","1":"product","2":"type-product","3":"status-publish","4":"has-post-thumbnail","6":"product_cat-literatura-y-novelas","8":"first","9":"instock","10":"virtual","11":"purchasable","12":"product-type-simple"},"acf":[],"_links":{"self":[{"href":"https:\/\/tulibreando.com\/index.php\/wp-json\/wp\/v2\/product\/1835"}],"collection":[{"href":"https:\/\/tulibreando.com\/index.php\/wp-json\/wp\/v2\/product"}],"about":[{"href":"https:\/\/tulibreando.com\/index.php\/wp-json\/wp\/v2\/types\/product"}],"replies":[{"embeddable":true,"href":"https:\/\/tulibreando.com\/index.php\/wp-json\/wp\/v2\/comments?post=1835"}],"wp:featuredmedia":[{"embeddable":true,"href":"https:\/\/tulibreando.com\/index.php\/wp-json\/wp\/v2\/media\/1833"}],"wp:attachment":[{"href":"https:\/\/tulibreando.com\/index.php\/wp-json\/wp\/v2\/media?parent=1835"}],"wp:term":[{"taxonomy":"product_cat","embeddable":true,"href":"https:\/\/tulibreando.com\/index.php\/wp-json\/wp\/v2\/product_cat?post=1835"},{"taxonomy":"product_tag","embeddable":true,"href":"https:\/\/tulibreando.com\/index.php\/wp-json\/wp\/v2\/product_tag?post=1835"}],"curies":[{"name":"wp","href":"https:\/\/api.w.org\/{rel}","templated":true}]}}