{"id":1824,"date":"2024-04-17T11:11:01","date_gmt":"2024-04-17T15:11:01","guid":{"rendered":"https:\/\/tulibreando.com\/?post_type=product&#038;p=1824"},"modified":"2024-06-06T15:17:13","modified_gmt":"2024-06-06T19:17:13","slug":"tierra-de-olvido-la-senda-de-los-cataros","status":"publish","type":"product","link":"https:\/\/tulibreando.com\/index.php\/product\/tierra-de-olvido-la-senda-de-los-cataros\/","title":{"rendered":"Tierra de olvido (la senda de los C\u00e1taros)"},"content":{"rendered":"<p>Antoni Dalmau nos tralada al Languedoc del siglo XIII, y recrea las vicisitudes de unos pueblos en los que conviv\u00edan diferentes culturas y religiones. pero sobre el camino que emprenden los protagonistas se cierne la amenaza del fanatismo y la intolerancia. A ra\u00edz de la cruzada promovida por el papa Inocencio III, los c\u00e1taros vivir\u00e1n una persecuci\u00f3n sin tregua y se ver\u00e1n obligados a la clandestinidad o al amargo exilio.<\/p>\n","protected":false},"excerpt":{"rendered":"<p>Antoni Dalmau nos tralada al Languedoc del siglo XIII, y recrea las vicisitudes de unos pueblos en los que conviv\u00edan diferentes culturas y religiones. pero sobre el camino que emprenden los protagonistas se cierne la amenaza del fanatismo y la intolerancia. A ra\u00edz de la cruzada promovida por el papa Inocencio III, los c\u00e1taros vivir\u00e1n [&hellip;]<\/p>\n","protected":false},"featured_media":1777,"comment_status":"open","ping_status":"closed","template":"","meta":{"_acf_changed":false,"product_autor":""},"product_cat":[47],"product_tag":[],"class_list":{"0":"post-1824","1":"product","2":"type-product","3":"status-publish","4":"has-post-thumbnail","6":"product_cat-historia-y-bibligrafias","8":"first","9":"instock","10":"virtual","11":"purchasable","12":"product-type-simple"},"acf":[],"_links":{"self":[{"href":"https:\/\/tulibreando.com\/index.php\/wp-json\/wp\/v2\/product\/1824"}],"collection":[{"href":"https:\/\/tulibreando.com\/index.php\/wp-json\/wp\/v2\/product"}],"about":[{"href":"https:\/\/tulibreando.com\/index.php\/wp-json\/wp\/v2\/types\/product"}],"replies":[{"embeddable":true,"href":"https:\/\/tulibreando.com\/index.php\/wp-json\/wp\/v2\/comments?post=1824"}],"wp:featuredmedia":[{"embeddable":true,"href":"https:\/\/tulibreando.com\/index.php\/wp-json\/wp\/v2\/media\/1777"}],"wp:attachment":[{"href":"https:\/\/tulibreando.com\/index.php\/wp-json\/wp\/v2\/media?parent=1824"}],"wp:term":[{"taxonomy":"product_cat","embeddable":true,"href":"https:\/\/tulibreando.com\/index.php\/wp-json\/wp\/v2\/product_cat?post=1824"},{"taxonomy":"product_tag","embeddable":true,"href":"https:\/\/tulibreando.com\/index.php\/wp-json\/wp\/v2\/product_tag?post=1824"}],"curies":[{"name":"wp","href":"https:\/\/api.w.org\/{rel}","templated":true}]}}