{"id":1822,"date":"2024-04-17T11:11:01","date_gmt":"2024-04-17T15:11:01","guid":{"rendered":"https:\/\/tulibreando.com\/?post_type=product&#038;p=1822"},"modified":"2024-06-06T15:17:12","modified_gmt":"2024-06-06T19:17:12","slug":"rojo-blanco-y-sangre-azul","status":"publish","type":"product","link":"https:\/\/tulibreando.com\/index.php\/product\/rojo-blanco-y-sangre-azul\/","title":{"rendered":"Rojo blanco, y sangre azul"},"content":{"rendered":"<p>Alex Clarademont-D\u00edaz, el hijo millennial de la presidenta de los Estados Unidos, es un tesoro para el marketing de la Casa Blanca: atractivo, carism\u00e1tico e inteligente. Lo que nadie sabe es que no soporta al pr\u00edncipe Henry, el hijo de la reina de Inglaterra. As\u00ed que, cuando la prensa sensacionalista se hace con una fotograf\u00eda que refleja un altercado entre Alex y Henry, las relaciones entre Estados Unidos y el Reino Unido se enfr\u00edan. Ambos pa\u00edses trazan un plan para paliar los da\u00f1os. Lo que empieza como  una falsa amistad, publicada en Instagram, se va transformando en algo  m\u00e1s profundo de lo que Alex y Henry podr\u00edan haber imaginado.<\/p>\n","protected":false},"excerpt":{"rendered":"<p>Alex Clarademont-D\u00edaz, el hijo millennial de la presidenta de los Estados Unidos, es un tesoro para el marketing de la Casa Blanca: atractivo, carism\u00e1tico e inteligente. Lo que nadie sabe es que no soporta al pr\u00edncipe Henry, el hijo de la reina de Inglaterra. As\u00ed que, cuando la prensa sensacionalista se hace con una fotograf\u00eda [&hellip;]<\/p>\n","protected":false},"featured_media":1775,"comment_status":"open","ping_status":"closed","template":"","meta":{"_acf_changed":false,"product_autor":""},"product_cat":[45],"product_tag":[],"class_list":{"0":"post-1822","1":"product","2":"type-product","3":"status-publish","4":"has-post-thumbnail","6":"product_cat-literatura-y-novelas","8":"first","9":"instock","10":"virtual","11":"purchasable","12":"product-type-simple"},"acf":[],"_links":{"self":[{"href":"https:\/\/tulibreando.com\/index.php\/wp-json\/wp\/v2\/product\/1822"}],"collection":[{"href":"https:\/\/tulibreando.com\/index.php\/wp-json\/wp\/v2\/product"}],"about":[{"href":"https:\/\/tulibreando.com\/index.php\/wp-json\/wp\/v2\/types\/product"}],"replies":[{"embeddable":true,"href":"https:\/\/tulibreando.com\/index.php\/wp-json\/wp\/v2\/comments?post=1822"}],"wp:featuredmedia":[{"embeddable":true,"href":"https:\/\/tulibreando.com\/index.php\/wp-json\/wp\/v2\/media\/1775"}],"wp:attachment":[{"href":"https:\/\/tulibreando.com\/index.php\/wp-json\/wp\/v2\/media?parent=1822"}],"wp:term":[{"taxonomy":"product_cat","embeddable":true,"href":"https:\/\/tulibreando.com\/index.php\/wp-json\/wp\/v2\/product_cat?post=1822"},{"taxonomy":"product_tag","embeddable":true,"href":"https:\/\/tulibreando.com\/index.php\/wp-json\/wp\/v2\/product_tag?post=1822"}],"curies":[{"name":"wp","href":"https:\/\/api.w.org\/{rel}","templated":true}]}}