{"id":1816,"date":"2024-04-17T11:11:01","date_gmt":"2024-04-17T15:11:01","guid":{"rendered":"https:\/\/tulibreando.com\/?post_type=product&#038;p=1816"},"modified":"2024-06-06T15:17:11","modified_gmt":"2024-06-06T19:17:11","slug":"luna-nueva","status":"publish","type":"product","link":"https:\/\/tulibreando.com\/index.php\/product\/luna-nueva\/","title":{"rendered":"Luna nueva"},"content":{"rendered":"<p>Sensacional continuaci\u00f3n de Crep\u00fasculo. Sus miles de lectores no se ver\u00e1n defraudados por esta fascinante historia de amor sobrenatural. La relaci\u00f3n entre la adolescente Bella y el irresistible vampiro Edward, mezcla perfecta de romance e intriga, se enfrentar\u00e1 a nuevos obst\u00e1culos, incluyendo una dolorosa separaci\u00f3n, la misteriosa presencia de lobos rondando en los bosques de Forks, la terror\u00edfica amenaza de una vampiresa vengativa y un encuentro deliciosamente siniestro con la familia de vampiros que reina en Italia, los Vulturi. Apasionante, conmovedora y llena de sorpresas, Luna nueva es una combinaci\u00f3n fabulosa de emociones y entretenimiento.<\/p>\n","protected":false},"excerpt":{"rendered":"<p>Sensacional continuaci\u00f3n de Crep\u00fasculo. Sus miles de lectores no se ver\u00e1n defraudados por esta fascinante historia de amor sobrenatural. La relaci\u00f3n entre la adolescente Bella y el irresistible vampiro Edward, mezcla perfecta de romance e intriga, se enfrentar\u00e1 a nuevos obst\u00e1culos, incluyendo una dolorosa separaci\u00f3n, la misteriosa presencia de lobos rondando en los bosques de [&hellip;]<\/p>\n","protected":false},"featured_media":1770,"comment_status":"open","ping_status":"closed","template":"","meta":{"_acf_changed":false,"product_autor":""},"product_cat":[45],"product_tag":[],"class_list":{"0":"post-1816","1":"product","2":"type-product","3":"status-publish","4":"has-post-thumbnail","6":"product_cat-literatura-y-novelas","8":"first","9":"instock","10":"virtual","11":"purchasable","12":"product-type-simple"},"acf":[],"_links":{"self":[{"href":"https:\/\/tulibreando.com\/index.php\/wp-json\/wp\/v2\/product\/1816"}],"collection":[{"href":"https:\/\/tulibreando.com\/index.php\/wp-json\/wp\/v2\/product"}],"about":[{"href":"https:\/\/tulibreando.com\/index.php\/wp-json\/wp\/v2\/types\/product"}],"replies":[{"embeddable":true,"href":"https:\/\/tulibreando.com\/index.php\/wp-json\/wp\/v2\/comments?post=1816"}],"wp:featuredmedia":[{"embeddable":true,"href":"https:\/\/tulibreando.com\/index.php\/wp-json\/wp\/v2\/media\/1770"}],"wp:attachment":[{"href":"https:\/\/tulibreando.com\/index.php\/wp-json\/wp\/v2\/media?parent=1816"}],"wp:term":[{"taxonomy":"product_cat","embeddable":true,"href":"https:\/\/tulibreando.com\/index.php\/wp-json\/wp\/v2\/product_cat?post=1816"},{"taxonomy":"product_tag","embeddable":true,"href":"https:\/\/tulibreando.com\/index.php\/wp-json\/wp\/v2\/product_tag?post=1816"}],"curies":[{"name":"wp","href":"https:\/\/api.w.org\/{rel}","templated":true}]}}