{"id":1812,"date":"2024-04-16T22:43:29","date_gmt":"2024-04-17T02:43:29","guid":{"rendered":"https:\/\/tulibreando.com\/?post_type=product&#038;p=1812"},"modified":"2024-06-06T15:17:10","modified_gmt":"2024-06-06T19:17:10","slug":"lanzas-coloradas","status":"publish","type":"product","link":"https:\/\/tulibreando.com\/index.php\/product\/lanzas-coloradas\/","title":{"rendered":"Lanzas coloradas"},"content":{"rendered":"<p>\u0093Las lanzas coloradas\u0094 es una novela hist\u00f3rica escrita por Arturo Uslar Pietri y publicada en 1931. La historia se desarrolla en Venezuela durante la Guerra de Independencia y sigue la vida de un joven llamado Francisco Miranda, quien lidera la lucha contra el poder espa\u00f1ol. Aunque la figura del libertador Sim\u00f3n Bol\u00edvar se menciona de manera referencial, el relato refleja el malogrado intento de liberar la entonces Capitan\u00eda General de Venezuela de manos del poder espa\u00f1ol. La novela, escrita en Par\u00eds entre 1929 y 1930, es un ejemplo temprano del realismo m\u00e1gico latinoamericano y est\u00e1 influenciada por el surrealismo<\/p>\n","protected":false},"excerpt":{"rendered":"<p>\u0093Las lanzas coloradas\u0094 es una novela hist\u00f3rica escrita por Arturo Uslar Pietri y publicada en 1931. La historia se desarrolla en Venezuela durante la Guerra de Independencia y sigue la vida de un joven llamado Francisco Miranda, quien lidera la lucha contra el poder espa\u00f1ol. Aunque la figura del libertador Sim\u00f3n Bol\u00edvar se menciona de [&hellip;]<\/p>\n","protected":false},"featured_media":1766,"comment_status":"open","ping_status":"closed","template":"","meta":{"_acf_changed":false,"product_autor":""},"product_cat":[45],"product_tag":[],"class_list":{"0":"post-1812","1":"product","2":"type-product","3":"status-publish","4":"has-post-thumbnail","6":"product_cat-literatura-y-novelas","8":"first","9":"instock","10":"virtual","11":"purchasable","12":"product-type-simple"},"acf":[],"_links":{"self":[{"href":"https:\/\/tulibreando.com\/index.php\/wp-json\/wp\/v2\/product\/1812"}],"collection":[{"href":"https:\/\/tulibreando.com\/index.php\/wp-json\/wp\/v2\/product"}],"about":[{"href":"https:\/\/tulibreando.com\/index.php\/wp-json\/wp\/v2\/types\/product"}],"replies":[{"embeddable":true,"href":"https:\/\/tulibreando.com\/index.php\/wp-json\/wp\/v2\/comments?post=1812"}],"wp:featuredmedia":[{"embeddable":true,"href":"https:\/\/tulibreando.com\/index.php\/wp-json\/wp\/v2\/media\/1766"}],"wp:attachment":[{"href":"https:\/\/tulibreando.com\/index.php\/wp-json\/wp\/v2\/media?parent=1812"}],"wp:term":[{"taxonomy":"product_cat","embeddable":true,"href":"https:\/\/tulibreando.com\/index.php\/wp-json\/wp\/v2\/product_cat?post=1812"},{"taxonomy":"product_tag","embeddable":true,"href":"https:\/\/tulibreando.com\/index.php\/wp-json\/wp\/v2\/product_tag?post=1812"}],"curies":[{"name":"wp","href":"https:\/\/api.w.org\/{rel}","templated":true}]}}