{"id":1808,"date":"2024-04-16T22:43:26","date_gmt":"2024-04-17T02:43:26","guid":{"rendered":"https:\/\/tulibreando.com\/?post_type=product&#038;p=1808"},"modified":"2024-06-06T15:17:10","modified_gmt":"2024-06-06T19:17:10","slug":"juicio-final","status":"publish","type":"product","link":"https:\/\/tulibreando.com\/index.php\/product\/juicio-final\/","title":{"rendered":"Juicio final"},"content":{"rendered":"<p>\u0093Juicio final\u0094 es una novela escrita por John Katzenbach. La historia sigue a Matthew Cowart, un periodista establecido en Miami, quien recibe una carta de un hombre condenado a muerte que asegura ser inocente. A trav\u00e9s de sus investigaciones, Cowart descubre informaci\u00f3n que permite al convicto Robert Earl Ferguson salir en libertad. Sin embargo, pronto se da cuenta de que ha desencadenado una m\u00e1quina de matar. La novela, llena de giros inesperados, es una de las obras m\u00e1s conocidas de Katzenbach y fue adaptada al cine con \u00e9xito en 1995 bajo el t\u00edtulo de \u0093Causa Justa\u0094. La pel\u00edcula cont\u00f3 con actores como Sean Connery, Laurence Fishburne, Kate Capshaw, Blair Underwood y una joven Scarlett Johansson<\/p>\n","protected":false},"excerpt":{"rendered":"<p>\u0093Juicio final\u0094 es una novela escrita por John Katzenbach. La historia sigue a Matthew Cowart, un periodista establecido en Miami, quien recibe una carta de un hombre condenado a muerte que asegura ser inocente. A trav\u00e9s de sus investigaciones, Cowart descubre informaci\u00f3n que permite al convicto Robert Earl Ferguson salir en libertad. Sin embargo, pronto [&hellip;]<\/p>\n","protected":false},"featured_media":1761,"comment_status":"open","ping_status":"closed","template":"","meta":{"_acf_changed":false,"product_autor":""},"product_cat":[45],"product_tag":[],"class_list":{"0":"post-1808","1":"product","2":"type-product","3":"status-publish","4":"has-post-thumbnail","6":"product_cat-literatura-y-novelas","8":"first","9":"instock","10":"virtual","11":"purchasable","12":"product-type-simple"},"acf":[],"_links":{"self":[{"href":"https:\/\/tulibreando.com\/index.php\/wp-json\/wp\/v2\/product\/1808"}],"collection":[{"href":"https:\/\/tulibreando.com\/index.php\/wp-json\/wp\/v2\/product"}],"about":[{"href":"https:\/\/tulibreando.com\/index.php\/wp-json\/wp\/v2\/types\/product"}],"replies":[{"embeddable":true,"href":"https:\/\/tulibreando.com\/index.php\/wp-json\/wp\/v2\/comments?post=1808"}],"wp:featuredmedia":[{"embeddable":true,"href":"https:\/\/tulibreando.com\/index.php\/wp-json\/wp\/v2\/media\/1761"}],"wp:attachment":[{"href":"https:\/\/tulibreando.com\/index.php\/wp-json\/wp\/v2\/media?parent=1808"}],"wp:term":[{"taxonomy":"product_cat","embeddable":true,"href":"https:\/\/tulibreando.com\/index.php\/wp-json\/wp\/v2\/product_cat?post=1808"},{"taxonomy":"product_tag","embeddable":true,"href":"https:\/\/tulibreando.com\/index.php\/wp-json\/wp\/v2\/product_tag?post=1808"}],"curies":[{"name":"wp","href":"https:\/\/api.w.org\/{rel}","templated":true}]}}