{"id":1806,"date":"2024-04-16T22:43:26","date_gmt":"2024-04-17T02:43:26","guid":{"rendered":"https:\/\/tulibreando.com\/?post_type=product&#038;p=1806"},"modified":"2024-06-06T15:17:10","modified_gmt":"2024-06-06T19:17:10","slug":"grandes-casos-empresariales-southwest-airlines","status":"publish","type":"product","link":"https:\/\/tulibreando.com\/index.php\/product\/grandes-casos-empresariales-southwest-airlines\/","title":{"rendered":"Grandes casos empresariales (Southwest Airlines)"},"content":{"rendered":"<p>Southwest Airlines es una aerol\u00ednea estadounidense de bajo costo, con sede en Dallas, Texas. Actualmente, es la mayor aerol\u00ednea de los Estados Unidos en t\u00e9rminos de n\u00famero de pasajeros dom\u00e9sticos transportados al a\u00f1o y la sexta mayor aerol\u00ednea por ingresos. Fue creada el 15 de marzo de 1967 para atender inicialmente tres ciudades en Texas como Air South. La aerol\u00ednea ha experimentado un crecimiento significativo y se ha convertido en la que cuenta con el mayor n\u00famero de vuelos y asientos, aunque solo atiende a 64 ciudades de los Estados Unidos.<\/p>\n","protected":false},"excerpt":{"rendered":"<p>Southwest Airlines es una aerol\u00ednea estadounidense de bajo costo, con sede en Dallas, Texas. Actualmente, es la mayor aerol\u00ednea de los Estados Unidos en t\u00e9rminos de n\u00famero de pasajeros dom\u00e9sticos transportados al a\u00f1o y la sexta mayor aerol\u00ednea por ingresos. Fue creada el 15 de marzo de 1967 para atender inicialmente tres ciudades en Texas [&hellip;]<\/p>\n","protected":false},"featured_media":1760,"comment_status":"open","ping_status":"closed","template":"","meta":{"_acf_changed":false,"product_autor":""},"product_cat":[36,37],"product_tag":[],"class_list":{"0":"post-1806","1":"product","2":"type-product","3":"status-publish","4":"has-post-thumbnail","6":"product_cat-libros","7":"product_cat-negocios","9":"first","10":"instock","11":"virtual","12":"purchasable","13":"product-type-simple"},"acf":[],"_links":{"self":[{"href":"https:\/\/tulibreando.com\/index.php\/wp-json\/wp\/v2\/product\/1806"}],"collection":[{"href":"https:\/\/tulibreando.com\/index.php\/wp-json\/wp\/v2\/product"}],"about":[{"href":"https:\/\/tulibreando.com\/index.php\/wp-json\/wp\/v2\/types\/product"}],"replies":[{"embeddable":true,"href":"https:\/\/tulibreando.com\/index.php\/wp-json\/wp\/v2\/comments?post=1806"}],"wp:featuredmedia":[{"embeddable":true,"href":"https:\/\/tulibreando.com\/index.php\/wp-json\/wp\/v2\/media\/1760"}],"wp:attachment":[{"href":"https:\/\/tulibreando.com\/index.php\/wp-json\/wp\/v2\/media?parent=1806"}],"wp:term":[{"taxonomy":"product_cat","embeddable":true,"href":"https:\/\/tulibreando.com\/index.php\/wp-json\/wp\/v2\/product_cat?post=1806"},{"taxonomy":"product_tag","embeddable":true,"href":"https:\/\/tulibreando.com\/index.php\/wp-json\/wp\/v2\/product_tag?post=1806"}],"curies":[{"name":"wp","href":"https:\/\/api.w.org\/{rel}","templated":true}]}}