{"id":1804,"date":"2024-04-16T22:43:26","date_gmt":"2024-04-17T02:43:26","guid":{"rendered":"https:\/\/tulibreando.com\/?post_type=product&#038;p=1804"},"modified":"2024-06-06T15:17:10","modified_gmt":"2024-06-06T19:17:10","slug":"el-polvo-de-los-muertos","status":"publish","type":"product","link":"https:\/\/tulibreando.com\/index.php\/product\/el-polvo-de-los-muertos\/","title":{"rendered":"El polvo de los muertos"},"content":{"rendered":"<p>Alexander Marion Projarov es un \u00bfesp\u00eda? abandonado y olvidado en una playa que pretende ser una gran metr\u00f3polis. Con los a\u00f1os ha perdido su identidad. La magia y lo raro lo han doblegado. Su \u00fanica misi\u00f3n ser\u00e1 vencer la muerte que es la indiferencia y el silencia. Y una ins\u00f3lita niebla.<\/p>\n","protected":false},"excerpt":{"rendered":"<p>Alexander Marion Projarov es un \u00bfesp\u00eda? abandonado y olvidado en una playa que pretende ser una gran metr\u00f3polis. Con los a\u00f1os ha perdido su identidad. La magia y lo raro lo han doblegado. Su \u00fanica misi\u00f3n ser\u00e1 vencer la muerte que es la indiferencia y el silencia. Y una ins\u00f3lita niebla.<\/p>\n","protected":false},"featured_media":1758,"comment_status":"open","ping_status":"closed","template":"","meta":{"_acf_changed":false,"product_autor":""},"product_cat":[45],"product_tag":[],"class_list":{"0":"post-1804","1":"product","2":"type-product","3":"status-publish","4":"has-post-thumbnail","6":"product_cat-literatura-y-novelas","8":"first","9":"instock","10":"virtual","11":"purchasable","12":"product-type-simple"},"acf":[],"_links":{"self":[{"href":"https:\/\/tulibreando.com\/index.php\/wp-json\/wp\/v2\/product\/1804"}],"collection":[{"href":"https:\/\/tulibreando.com\/index.php\/wp-json\/wp\/v2\/product"}],"about":[{"href":"https:\/\/tulibreando.com\/index.php\/wp-json\/wp\/v2\/types\/product"}],"replies":[{"embeddable":true,"href":"https:\/\/tulibreando.com\/index.php\/wp-json\/wp\/v2\/comments?post=1804"}],"wp:featuredmedia":[{"embeddable":true,"href":"https:\/\/tulibreando.com\/index.php\/wp-json\/wp\/v2\/media\/1758"}],"wp:attachment":[{"href":"https:\/\/tulibreando.com\/index.php\/wp-json\/wp\/v2\/media?parent=1804"}],"wp:term":[{"taxonomy":"product_cat","embeddable":true,"href":"https:\/\/tulibreando.com\/index.php\/wp-json\/wp\/v2\/product_cat?post=1804"},{"taxonomy":"product_tag","embeddable":true,"href":"https:\/\/tulibreando.com\/index.php\/wp-json\/wp\/v2\/product_tag?post=1804"}],"curies":[{"name":"wp","href":"https:\/\/api.w.org\/{rel}","templated":true}]}}