{"id":1802,"date":"2024-04-16T22:43:26","date_gmt":"2024-04-17T02:43:26","guid":{"rendered":"https:\/\/tulibreando.com\/?post_type=product&#038;p=1802"},"modified":"2024-06-06T15:17:10","modified_gmt":"2024-06-06T19:17:10","slug":"el-origen-de-la-vida","status":"publish","type":"product","link":"https:\/\/tulibreando.com\/index.php\/product\/el-origen-de-la-vida\/","title":{"rendered":"El origen de la vida"},"content":{"rendered":"<p>En 1923, Oparin public\u00f3 su libro \u00abEl Origen de la Vida\u00bb como resultado de sus investigaciones. En esta obra, expuso de manera comprensible c\u00f3mo la evoluci\u00f3n de la materia org\u00e1nica comenz\u00f3 antes de la formaci\u00f3n del planeta Tierra.<\/p>\n","protected":false},"excerpt":{"rendered":"<p>En 1923, Oparin public\u00f3 su libro \u00abEl Origen de la Vida\u00bb como resultado de sus investigaciones. En esta obra, expuso de manera comprensible c\u00f3mo la evoluci\u00f3n de la materia org\u00e1nica comenz\u00f3 antes de la formaci\u00f3n del planeta Tierra.<\/p>\n","protected":false},"featured_media":1756,"comment_status":"open","ping_status":"closed","template":"","meta":{"_acf_changed":false,"product_autor":""},"product_cat":[36,38],"product_tag":[],"class_list":{"0":"post-1802","1":"product","2":"type-product","3":"status-publish","4":"has-post-thumbnail","6":"product_cat-libros","7":"product_cat-salud","9":"first","10":"instock","11":"virtual","12":"purchasable","13":"product-type-simple"},"acf":[],"_links":{"self":[{"href":"https:\/\/tulibreando.com\/index.php\/wp-json\/wp\/v2\/product\/1802"}],"collection":[{"href":"https:\/\/tulibreando.com\/index.php\/wp-json\/wp\/v2\/product"}],"about":[{"href":"https:\/\/tulibreando.com\/index.php\/wp-json\/wp\/v2\/types\/product"}],"replies":[{"embeddable":true,"href":"https:\/\/tulibreando.com\/index.php\/wp-json\/wp\/v2\/comments?post=1802"}],"wp:featuredmedia":[{"embeddable":true,"href":"https:\/\/tulibreando.com\/index.php\/wp-json\/wp\/v2\/media\/1756"}],"wp:attachment":[{"href":"https:\/\/tulibreando.com\/index.php\/wp-json\/wp\/v2\/media?parent=1802"}],"wp:term":[{"taxonomy":"product_cat","embeddable":true,"href":"https:\/\/tulibreando.com\/index.php\/wp-json\/wp\/v2\/product_cat?post=1802"},{"taxonomy":"product_tag","embeddable":true,"href":"https:\/\/tulibreando.com\/index.php\/wp-json\/wp\/v2\/product_tag?post=1802"}],"curies":[{"name":"wp","href":"https:\/\/api.w.org\/{rel}","templated":true}]}}