{"id":1799,"date":"2024-04-16T22:43:26","date_gmt":"2024-04-17T02:43:26","guid":{"rendered":"https:\/\/tulibreando.com\/?post_type=product&#038;p=1799"},"modified":"2024-06-06T15:17:09","modified_gmt":"2024-06-06T19:17:09","slug":"el-libro-de-merlin","status":"publish","type":"product","link":"https:\/\/tulibreando.com\/index.php\/product\/el-libro-de-merlin\/","title":{"rendered":"El libro de Merl\u00edn"},"content":{"rendered":"<p>El libro de Merl\u00edn, escrito por T. H. White, es la brillante conclusi\u00f3n de la vida del rey Arturo. En esta obra, el anciano y fatigado rey Arturo se enfrenta a su destino fatal: su hijo bastardo, Mordred, est\u00e1 obsesionado con derrotarlo y ocupar el trono. Sin embargo, la aparici\u00f3n de su amigo y maestro, Merl\u00edn, aporta una brizna de esperanza a la vida del cansado rey.<\/p>\n","protected":false},"excerpt":{"rendered":"<p>El libro de Merl\u00edn, escrito por T. H. White, es la brillante conclusi\u00f3n de la vida del rey Arturo. En esta obra, el anciano y fatigado rey Arturo se enfrenta a su destino fatal: su hijo bastardo, Mordred, est\u00e1 obsesionado con derrotarlo y ocupar el trono. Sin embargo, la aparici\u00f3n de su amigo y maestro, [&hellip;]<\/p>\n","protected":false},"featured_media":1753,"comment_status":"open","ping_status":"closed","template":"","meta":{"_acf_changed":false,"product_autor":""},"product_cat":[45],"product_tag":[],"class_list":{"0":"post-1799","1":"product","2":"type-product","3":"status-publish","4":"has-post-thumbnail","6":"product_cat-literatura-y-novelas","8":"first","9":"instock","10":"virtual","11":"purchasable","12":"product-type-simple"},"acf":[],"_links":{"self":[{"href":"https:\/\/tulibreando.com\/index.php\/wp-json\/wp\/v2\/product\/1799"}],"collection":[{"href":"https:\/\/tulibreando.com\/index.php\/wp-json\/wp\/v2\/product"}],"about":[{"href":"https:\/\/tulibreando.com\/index.php\/wp-json\/wp\/v2\/types\/product"}],"replies":[{"embeddable":true,"href":"https:\/\/tulibreando.com\/index.php\/wp-json\/wp\/v2\/comments?post=1799"}],"wp:featuredmedia":[{"embeddable":true,"href":"https:\/\/tulibreando.com\/index.php\/wp-json\/wp\/v2\/media\/1753"}],"wp:attachment":[{"href":"https:\/\/tulibreando.com\/index.php\/wp-json\/wp\/v2\/media?parent=1799"}],"wp:term":[{"taxonomy":"product_cat","embeddable":true,"href":"https:\/\/tulibreando.com\/index.php\/wp-json\/wp\/v2\/product_cat?post=1799"},{"taxonomy":"product_tag","embeddable":true,"href":"https:\/\/tulibreando.com\/index.php\/wp-json\/wp\/v2\/product_tag?post=1799"}],"curies":[{"name":"wp","href":"https:\/\/api.w.org\/{rel}","templated":true}]}}