{"id":1798,"date":"2024-04-16T22:43:26","date_gmt":"2024-04-17T02:43:26","guid":{"rendered":"https:\/\/tulibreando.com\/?post_type=product&#038;p=1798"},"modified":"2024-06-06T15:17:09","modified_gmt":"2024-06-06T19:17:09","slug":"el-expreso-polar","status":"publish","type":"product","link":"https:\/\/tulibreando.com\/index.php\/product\/el-expreso-polar\/","title":{"rendered":"El expreso polar"},"content":{"rendered":"<p>En la noche de Navidad, un ni\u00f1o yace en su cama, atento al sonido de cascabeles que anuncia la llegada del trineo de Santa Claus. Sin embargo, algo inesperado ocurre: los resoplidos de vapor y el chirriar de metales de un tren se escuchan frente a su casa. El ni\u00f1o, movido por la curiosidad, sube a bordo y emprende un viaje maravilloso hacia el Polo Norte. Justo cuando comienza a perder la esperanza en la existencia de Santa Claus y el esp\u00edritu navide\u00f1o, esta aventura le har\u00e1 creer de nuevo en la magia de la Navidad. Las ilustraciones nost\u00e1lgicas de Chris Van Allsburg acompa\u00f1an este relato, transport\u00e1ndonos a una Navidad donde los sue\u00f1os pueden convertirse en realidad<\/p>\n","protected":false},"excerpt":{"rendered":"<p>En la noche de Navidad, un ni\u00f1o yace en su cama, atento al sonido de cascabeles que anuncia la llegada del trineo de Santa Claus. Sin embargo, algo inesperado ocurre: los resoplidos de vapor y el chirriar de metales de un tren se escuchan frente a su casa. El ni\u00f1o, movido por la curiosidad, sube [&hellip;]<\/p>\n","protected":false},"featured_media":1752,"comment_status":"open","ping_status":"closed","template":"","meta":{"_acf_changed":false,"product_autor":""},"product_cat":[46],"product_tag":[],"class_list":{"0":"post-1798","1":"product","2":"type-product","3":"status-publish","4":"has-post-thumbnail","6":"product_cat-para-peques-y-no-tan-peques","8":"first","9":"instock","10":"virtual","11":"purchasable","12":"product-type-simple"},"acf":[],"_links":{"self":[{"href":"https:\/\/tulibreando.com\/index.php\/wp-json\/wp\/v2\/product\/1798"}],"collection":[{"href":"https:\/\/tulibreando.com\/index.php\/wp-json\/wp\/v2\/product"}],"about":[{"href":"https:\/\/tulibreando.com\/index.php\/wp-json\/wp\/v2\/types\/product"}],"replies":[{"embeddable":true,"href":"https:\/\/tulibreando.com\/index.php\/wp-json\/wp\/v2\/comments?post=1798"}],"wp:featuredmedia":[{"embeddable":true,"href":"https:\/\/tulibreando.com\/index.php\/wp-json\/wp\/v2\/media\/1752"}],"wp:attachment":[{"href":"https:\/\/tulibreando.com\/index.php\/wp-json\/wp\/v2\/media?parent=1798"}],"wp:term":[{"taxonomy":"product_cat","embeddable":true,"href":"https:\/\/tulibreando.com\/index.php\/wp-json\/wp\/v2\/product_cat?post=1798"},{"taxonomy":"product_tag","embeddable":true,"href":"https:\/\/tulibreando.com\/index.php\/wp-json\/wp\/v2\/product_tag?post=1798"}],"curies":[{"name":"wp","href":"https:\/\/api.w.org\/{rel}","templated":true}]}}