{"id":1797,"date":"2024-04-16T22:43:26","date_gmt":"2024-04-17T02:43:26","guid":{"rendered":"https:\/\/tulibreando.com\/?post_type=product&#038;p=1797"},"modified":"2024-06-06T15:17:09","modified_gmt":"2024-06-06T19:17:09","slug":"el-dia-que-dejo-de-nevar-en-alaska","status":"publish","type":"product","link":"https:\/\/tulibreando.com\/index.php\/product\/el-dia-que-dejo-de-nevar-en-alaska\/","title":{"rendered":"El dia que dejo de nevar en Alaska"},"content":{"rendered":"<p>Un chico con el coraz\u00f3n de hielo. Una chica que huye de s\u00ed misma. Dos destinos que se cruzan. Heather cree que solo hay tres cosas que sabe hacer: atraer problemas, salir huyendo y correr. As\u00ed es como termina en Alaska, en un peque\u00f1o pueblo perdido, trabajando de camarera mientras intenta llevar una vida nueva y tranquila. Su \u00fanico problema es que uno de los due\u00f1os del restaurante parece odiarla y que ella nunca antes ha conocido a nadie que despierte tanto su curiosidad. Nilak es reservado, fr\u00edo y distante, pero Heather puede ver a trav\u00e9s de todas las capas tras las que se esconde y sabe que en ocasiones hay recuerdos que pesan demasiado; como los de sus propios errores, esos que intenta dejar atr\u00e1s.<\/p>\n","protected":false},"excerpt":{"rendered":"<p>Un chico con el coraz\u00f3n de hielo. Una chica que huye de s\u00ed misma. Dos destinos que se cruzan. Heather cree que solo hay tres cosas que sabe hacer: atraer problemas, salir huyendo y correr. As\u00ed es como termina en Alaska, en un peque\u00f1o pueblo perdido, trabajando de camarera mientras intenta llevar una vida nueva [&hellip;]<\/p>\n","protected":false},"featured_media":1751,"comment_status":"open","ping_status":"closed","template":"","meta":{"_acf_changed":false,"product_autor":""},"product_cat":[45],"product_tag":[],"class_list":{"0":"post-1797","1":"product","2":"type-product","3":"status-publish","4":"has-post-thumbnail","6":"product_cat-literatura-y-novelas","8":"first","9":"instock","10":"virtual","11":"purchasable","12":"product-type-simple"},"acf":[],"_links":{"self":[{"href":"https:\/\/tulibreando.com\/index.php\/wp-json\/wp\/v2\/product\/1797"}],"collection":[{"href":"https:\/\/tulibreando.com\/index.php\/wp-json\/wp\/v2\/product"}],"about":[{"href":"https:\/\/tulibreando.com\/index.php\/wp-json\/wp\/v2\/types\/product"}],"replies":[{"embeddable":true,"href":"https:\/\/tulibreando.com\/index.php\/wp-json\/wp\/v2\/comments?post=1797"}],"wp:featuredmedia":[{"embeddable":true,"href":"https:\/\/tulibreando.com\/index.php\/wp-json\/wp\/v2\/media\/1751"}],"wp:attachment":[{"href":"https:\/\/tulibreando.com\/index.php\/wp-json\/wp\/v2\/media?parent=1797"}],"wp:term":[{"taxonomy":"product_cat","embeddable":true,"href":"https:\/\/tulibreando.com\/index.php\/wp-json\/wp\/v2\/product_cat?post=1797"},{"taxonomy":"product_tag","embeddable":true,"href":"https:\/\/tulibreando.com\/index.php\/wp-json\/wp\/v2\/product_tag?post=1797"}],"curies":[{"name":"wp","href":"https:\/\/api.w.org\/{rel}","templated":true}]}}