{"id":1795,"date":"2024-04-16T22:43:26","date_gmt":"2024-04-17T02:43:26","guid":{"rendered":"https:\/\/tulibreando.com\/?post_type=product&#038;p=1795"},"modified":"2024-06-10T12:36:24","modified_gmt":"2024-06-10T16:36:24","slug":"el-chico-que-dibujaba-constelaciones","status":"publish","type":"product","link":"https:\/\/tulibreando.com\/index.php\/product\/el-chico-que-dibujaba-constelaciones\/","title":{"rendered":"El chico que dibujaba constelaciones"},"content":{"rendered":"<p>El chico que dibujaba constelaciones es una novela escrita por Alice Kellen. La historia gira en torno a Valentina, una chica que no sab\u00eda que ten\u00eda el mundo a sus pies. A medida que creci\u00f3, comenz\u00f3 a pensar en imposibles y a anhelar m\u00e1s. Valentina cazaba estrellas y tropez\u00f3 con Gabriel, el chico que dibujaba constelaciones. Gabriel era valiente, idealista y cre\u00eda en las palabras \u0093para siempre\u0094. Juntos, crearon los pilares que sostendr\u00edan su pasado, su presente y los recuerdos que se convertir\u00edan en polvo. Esta novela es un regalo, un soplo de vida, contado con delicadeza y belleza. La autora, Alice Kellen, nos lleva a trav\u00e9s de una historia de amor que explora los cimientos de la felicidad y nos sumerge en las constelaciones de la vida de Valentina y Gabriel<\/p>\n","protected":false},"excerpt":{"rendered":"<p>El chico que dibujaba constelaciones es una novela escrita por Alice Kellen. La historia gira en torno a Valentina, una chica que no sab\u00eda que ten\u00eda el mundo a sus pies. A medida que creci\u00f3, comenz\u00f3 a pensar en imposibles y a anhelar m\u00e1s. Valentina cazaba estrellas y tropez\u00f3 con Gabriel, el chico que dibujaba [&hellip;]<\/p>\n","protected":false},"featured_media":1749,"comment_status":"open","ping_status":"closed","template":"","meta":{"_acf_changed":false,"product_autor":""},"product_cat":[50,45],"product_tag":[],"class_list":{"0":"post-1795","1":"product","2":"type-product","3":"status-publish","4":"has-post-thumbnail","6":"product_cat-destacados","7":"product_cat-literatura-y-novelas","9":"first","10":"instock","11":"virtual","12":"purchasable","13":"product-type-simple"},"acf":[],"_links":{"self":[{"href":"https:\/\/tulibreando.com\/index.php\/wp-json\/wp\/v2\/product\/1795"}],"collection":[{"href":"https:\/\/tulibreando.com\/index.php\/wp-json\/wp\/v2\/product"}],"about":[{"href":"https:\/\/tulibreando.com\/index.php\/wp-json\/wp\/v2\/types\/product"}],"replies":[{"embeddable":true,"href":"https:\/\/tulibreando.com\/index.php\/wp-json\/wp\/v2\/comments?post=1795"}],"wp:featuredmedia":[{"embeddable":true,"href":"https:\/\/tulibreando.com\/index.php\/wp-json\/wp\/v2\/media\/1749"}],"wp:attachment":[{"href":"https:\/\/tulibreando.com\/index.php\/wp-json\/wp\/v2\/media?parent=1795"}],"wp:term":[{"taxonomy":"product_cat","embeddable":true,"href":"https:\/\/tulibreando.com\/index.php\/wp-json\/wp\/v2\/product_cat?post=1795"},{"taxonomy":"product_tag","embeddable":true,"href":"https:\/\/tulibreando.com\/index.php\/wp-json\/wp\/v2\/product_tag?post=1795"}],"curies":[{"name":"wp","href":"https:\/\/api.w.org\/{rel}","templated":true}]}}