{"id":1790,"date":"2024-04-16T22:43:25","date_gmt":"2024-04-17T02:43:25","guid":{"rendered":"https:\/\/tulibreando.com\/?post_type=product&#038;p=1790"},"modified":"2024-06-06T15:17:07","modified_gmt":"2024-06-06T19:17:07","slug":"cuatro-rostros-del-delito","status":"publish","type":"product","link":"https:\/\/tulibreando.com\/index.php\/product\/cuatro-rostros-del-delito\/","title":{"rendered":"Cuatro rostros del delito"},"content":{"rendered":"<p>Cuatro Rostros del Delito es una obra escrita por Ferm\u00edn M\u00e1rmol Le\u00f3n, un reconocido abogado, criminalista, funcionario p\u00fablico, pol\u00edtico, docente y escritor venezolano. Publicada en 1991, esta obra se centra en delitos sexuales y presenta cuatro intrigantes historias:<\/p>\n","protected":false},"excerpt":{"rendered":"<p>Cuatro Rostros del Delito es una obra escrita por Ferm\u00edn M\u00e1rmol Le\u00f3n, un reconocido abogado, criminalista, funcionario p\u00fablico, pol\u00edtico, docente y escritor venezolano. Publicada en 1991, esta obra se centra en delitos sexuales y presenta cuatro intrigantes historias:<\/p>\n","protected":false},"featured_media":1744,"comment_status":"open","ping_status":"closed","template":"","meta":{"_acf_changed":false,"product_autor":""},"product_cat":[45],"product_tag":[],"class_list":{"0":"post-1790","1":"product","2":"type-product","3":"status-publish","4":"has-post-thumbnail","6":"product_cat-literatura-y-novelas","8":"first","9":"instock","10":"virtual","11":"purchasable","12":"product-type-simple"},"acf":[],"_links":{"self":[{"href":"https:\/\/tulibreando.com\/index.php\/wp-json\/wp\/v2\/product\/1790"}],"collection":[{"href":"https:\/\/tulibreando.com\/index.php\/wp-json\/wp\/v2\/product"}],"about":[{"href":"https:\/\/tulibreando.com\/index.php\/wp-json\/wp\/v2\/types\/product"}],"replies":[{"embeddable":true,"href":"https:\/\/tulibreando.com\/index.php\/wp-json\/wp\/v2\/comments?post=1790"}],"wp:featuredmedia":[{"embeddable":true,"href":"https:\/\/tulibreando.com\/index.php\/wp-json\/wp\/v2\/media\/1744"}],"wp:attachment":[{"href":"https:\/\/tulibreando.com\/index.php\/wp-json\/wp\/v2\/media?parent=1790"}],"wp:term":[{"taxonomy":"product_cat","embeddable":true,"href":"https:\/\/tulibreando.com\/index.php\/wp-json\/wp\/v2\/product_cat?post=1790"},{"taxonomy":"product_tag","embeddable":true,"href":"https:\/\/tulibreando.com\/index.php\/wp-json\/wp\/v2\/product_tag?post=1790"}],"curies":[{"name":"wp","href":"https:\/\/api.w.org\/{rel}","templated":true}]}}