{"id":1788,"date":"2024-04-16T22:43:25","date_gmt":"2024-04-17T02:43:25","guid":{"rendered":"https:\/\/tulibreando.com\/?post_type=product&#038;p=1788"},"modified":"2024-06-06T15:17:07","modified_gmt":"2024-06-06T19:17:07","slug":"bolivar-grandes-biografias","status":"publish","type":"product","link":"https:\/\/tulibreando.com\/index.php\/product\/bolivar-grandes-biografias\/","title":{"rendered":"Bolivar (Grandes biografias)"},"content":{"rendered":"<p>El libro \u0093Bol\u00edvar\u0094 forma parte de la serie \u0093Grandes biograf\u00edas\u0094 de Edimat Libros. Estos vol\u00famenes econ\u00f3micos retratan figuras destacadas que han protagonizado los hechos m\u00e1s importantes de la historia. En el caso de Bol\u00edvar, la biograf\u00eda detalla los hechos conocidos acerca de este ilustre personaje, con \u00e9nfasis en su ni\u00f1ez, motivaciones, triunfos y el impacto que tuvo en la historia. Adem\u00e1s, revela tambi\u00e9n su lado humano<\/p>\n","protected":false},"excerpt":{"rendered":"<p>El libro \u0093Bol\u00edvar\u0094 forma parte de la serie \u0093Grandes biograf\u00edas\u0094 de Edimat Libros. Estos vol\u00famenes econ\u00f3micos retratan figuras destacadas que han protagonizado los hechos m\u00e1s importantes de la historia. En el caso de Bol\u00edvar, la biograf\u00eda detalla los hechos conocidos acerca de este ilustre personaje, con \u00e9nfasis en su ni\u00f1ez, motivaciones, triunfos y el impacto [&hellip;]<\/p>\n","protected":false},"featured_media":1742,"comment_status":"open","ping_status":"closed","template":"","meta":{"_acf_changed":false,"product_autor":""},"product_cat":[47],"product_tag":[],"class_list":{"0":"post-1788","1":"product","2":"type-product","3":"status-publish","4":"has-post-thumbnail","6":"product_cat-historia-y-bibligrafias","8":"first","9":"instock","10":"virtual","11":"purchasable","12":"product-type-simple"},"acf":[],"_links":{"self":[{"href":"https:\/\/tulibreando.com\/index.php\/wp-json\/wp\/v2\/product\/1788"}],"collection":[{"href":"https:\/\/tulibreando.com\/index.php\/wp-json\/wp\/v2\/product"}],"about":[{"href":"https:\/\/tulibreando.com\/index.php\/wp-json\/wp\/v2\/types\/product"}],"replies":[{"embeddable":true,"href":"https:\/\/tulibreando.com\/index.php\/wp-json\/wp\/v2\/comments?post=1788"}],"wp:featuredmedia":[{"embeddable":true,"href":"https:\/\/tulibreando.com\/index.php\/wp-json\/wp\/v2\/media\/1742"}],"wp:attachment":[{"href":"https:\/\/tulibreando.com\/index.php\/wp-json\/wp\/v2\/media?parent=1788"}],"wp:term":[{"taxonomy":"product_cat","embeddable":true,"href":"https:\/\/tulibreando.com\/index.php\/wp-json\/wp\/v2\/product_cat?post=1788"},{"taxonomy":"product_tag","embeddable":true,"href":"https:\/\/tulibreando.com\/index.php\/wp-json\/wp\/v2\/product_tag?post=1788"}],"curies":[{"name":"wp","href":"https:\/\/api.w.org\/{rel}","templated":true}]}}