{"id":1787,"date":"2024-04-16T22:43:25","date_gmt":"2024-04-17T02:43:25","guid":{"rendered":"https:\/\/tulibreando.com\/?post_type=product&#038;p=1787"},"modified":"2024-06-06T15:17:07","modified_gmt":"2024-06-06T19:17:07","slug":"bajo-la-misma-estrella","status":"publish","type":"product","link":"https:\/\/tulibreando.com\/index.php\/product\/bajo-la-misma-estrella\/","title":{"rendered":"Bajo la misma estrella"},"content":{"rendered":"<p>A pesar de que un milagro m\u00e9dico ha conseguido reducir su tumor y darle unos a\u00f1os m\u00e1s de vida, la adolescente Hazel (Shailene Woodley) siempre se ha considerado una enferma terminal. Sin embargo, cuando el joven Gus (Ansel Elgort) entra a formar parte del grupo de ayuda para enfermos de c\u00e1ncer juvenil, la vida de Hazel se transforma por completo.<\/p>\n","protected":false},"excerpt":{"rendered":"<p>A pesar de que un milagro m\u00e9dico ha conseguido reducir su tumor y darle unos a\u00f1os m\u00e1s de vida, la adolescente Hazel (Shailene Woodley) siempre se ha considerado una enferma terminal. Sin embargo, cuando el joven Gus (Ansel Elgort) entra a formar parte del grupo de ayuda para enfermos de c\u00e1ncer juvenil, la vida de [&hellip;]<\/p>\n","protected":false},"featured_media":1741,"comment_status":"open","ping_status":"closed","template":"","meta":{"_acf_changed":false,"product_autor":""},"product_cat":[45],"product_tag":[],"class_list":{"0":"post-1787","1":"product","2":"type-product","3":"status-publish","4":"has-post-thumbnail","6":"product_cat-literatura-y-novelas","8":"first","9":"instock","10":"virtual","11":"purchasable","12":"product-type-simple"},"acf":[],"_links":{"self":[{"href":"https:\/\/tulibreando.com\/index.php\/wp-json\/wp\/v2\/product\/1787"}],"collection":[{"href":"https:\/\/tulibreando.com\/index.php\/wp-json\/wp\/v2\/product"}],"about":[{"href":"https:\/\/tulibreando.com\/index.php\/wp-json\/wp\/v2\/types\/product"}],"replies":[{"embeddable":true,"href":"https:\/\/tulibreando.com\/index.php\/wp-json\/wp\/v2\/comments?post=1787"}],"wp:featuredmedia":[{"embeddable":true,"href":"https:\/\/tulibreando.com\/index.php\/wp-json\/wp\/v2\/media\/1741"}],"wp:attachment":[{"href":"https:\/\/tulibreando.com\/index.php\/wp-json\/wp\/v2\/media?parent=1787"}],"wp:term":[{"taxonomy":"product_cat","embeddable":true,"href":"https:\/\/tulibreando.com\/index.php\/wp-json\/wp\/v2\/product_cat?post=1787"},{"taxonomy":"product_tag","embeddable":true,"href":"https:\/\/tulibreando.com\/index.php\/wp-json\/wp\/v2\/product_tag?post=1787"}],"curies":[{"name":"wp","href":"https:\/\/api.w.org\/{rel}","templated":true}]}}