{"id":1780,"date":"2024-04-16T22:43:25","date_gmt":"2024-04-17T02:43:25","guid":{"rendered":"https:\/\/tulibreando.com\/?post_type=product&#038;p=1780"},"modified":"2024-06-06T15:17:06","modified_gmt":"2024-06-06T19:17:06","slug":"1-23-por-arte-de-magia","status":"publish","type":"product","link":"https:\/\/tulibreando.com\/index.php\/product\/1-23-por-arte-de-magia\/","title":{"rendered":"1, 2,3 Por arte de magia"},"content":{"rendered":"<p>1-2-3 por arte de magia te dice c\u00f3mo recuperar el mando en tu casa y disfrutar de tus hijos. Thomas W.Phelan ofrece a los lectores herramientas para resolver casi cualquier situaci\u00f3n sobre problemas de conducta, conflictos de interacci\u00f3n y chantajes infantiles a trav\u00e9s de novedosos consejos y divertidas historias derivadas de la vida real.<\/p>\n","protected":false},"excerpt":{"rendered":"<p>1-2-3 por arte de magia te dice c\u00f3mo recuperar el mando en tu casa y disfrutar de tus hijos. Thomas W.Phelan ofrece a los lectores herramientas para resolver casi cualquier situaci\u00f3n sobre problemas de conducta, conflictos de interacci\u00f3n y chantajes infantiles a trav\u00e9s de novedosos consejos y divertidas historias derivadas de la vida real.<\/p>\n","protected":false},"featured_media":1734,"comment_status":"open","ping_status":"closed","template":"","meta":{"_acf_changed":false,"product_autor":""},"product_cat":[46],"product_tag":[],"class_list":{"0":"post-1780","1":"product","2":"type-product","3":"status-publish","4":"has-post-thumbnail","6":"product_cat-para-peques-y-no-tan-peques","8":"first","9":"instock","10":"virtual","11":"purchasable","12":"product-type-simple"},"acf":[],"_links":{"self":[{"href":"https:\/\/tulibreando.com\/index.php\/wp-json\/wp\/v2\/product\/1780"}],"collection":[{"href":"https:\/\/tulibreando.com\/index.php\/wp-json\/wp\/v2\/product"}],"about":[{"href":"https:\/\/tulibreando.com\/index.php\/wp-json\/wp\/v2\/types\/product"}],"replies":[{"embeddable":true,"href":"https:\/\/tulibreando.com\/index.php\/wp-json\/wp\/v2\/comments?post=1780"}],"wp:featuredmedia":[{"embeddable":true,"href":"https:\/\/tulibreando.com\/index.php\/wp-json\/wp\/v2\/media\/1734"}],"wp:attachment":[{"href":"https:\/\/tulibreando.com\/index.php\/wp-json\/wp\/v2\/media?parent=1780"}],"wp:term":[{"taxonomy":"product_cat","embeddable":true,"href":"https:\/\/tulibreando.com\/index.php\/wp-json\/wp\/v2\/product_cat?post=1780"},{"taxonomy":"product_tag","embeddable":true,"href":"https:\/\/tulibreando.com\/index.php\/wp-json\/wp\/v2\/product_tag?post=1780"}],"curies":[{"name":"wp","href":"https:\/\/api.w.org\/{rel}","templated":true}]}}