{"id":1507,"date":"2024-04-11T16:37:54","date_gmt":"2024-04-11T20:37:54","guid":{"rendered":"https:\/\/tulibreando.com\/?post_type=product&#038;p=1507"},"modified":"2024-06-06T15:17:06","modified_gmt":"2024-06-06T19:17:06","slug":"el-psicoanalista-en-la-mira","status":"publish","type":"product","link":"https:\/\/tulibreando.com\/index.php\/product\/el-psicoanalista-en-la-mira\/","title":{"rendered":"El psicoanalista en la mira"},"content":{"rendered":"<p>Esta tercera entrega de la saga de El Psicoanalista es un thriller psicol\u00f3gico que cambi\u00f3 las reglas del juego. La intriga y la tensi\u00f3n se entrelazan mientras el protagonista enfrenta sus propios demonios y se sumerge en una trama llena de giros inesperados. \u00bfLograr\u00e1 Ricky Starks desentra\u00f1ar los oscuros secretos que amenazan su vida y su cordura? Desc\u00fabrelo en \u0093El Psicoanalista en la Mira\u0094.<\/p>\n","protected":false},"excerpt":{"rendered":"<p>Esta tercera entrega de la saga de El Psicoanalista es un thriller psicol\u00f3gico que cambi\u00f3 las reglas del juego. La intriga y la tensi\u00f3n se entrelazan mientras el protagonista enfrenta sus propios demonios y se sumerge en una trama llena de giros inesperados. \u00bfLograr\u00e1 Ricky Starks desentra\u00f1ar los oscuros secretos que amenazan su vida y [&hellip;]<\/p>\n","protected":false},"featured_media":1499,"comment_status":"open","ping_status":"closed","template":"","meta":{"_acf_changed":false,"product_autor":""},"product_cat":[45],"product_tag":[],"class_list":{"0":"post-1507","1":"product","2":"type-product","3":"status-publish","4":"has-post-thumbnail","6":"product_cat-literatura-y-novelas","8":"first","9":"instock","10":"virtual","11":"purchasable","12":"product-type-simple"},"acf":[],"_links":{"self":[{"href":"https:\/\/tulibreando.com\/index.php\/wp-json\/wp\/v2\/product\/1507"}],"collection":[{"href":"https:\/\/tulibreando.com\/index.php\/wp-json\/wp\/v2\/product"}],"about":[{"href":"https:\/\/tulibreando.com\/index.php\/wp-json\/wp\/v2\/types\/product"}],"replies":[{"embeddable":true,"href":"https:\/\/tulibreando.com\/index.php\/wp-json\/wp\/v2\/comments?post=1507"}],"wp:featuredmedia":[{"embeddable":true,"href":"https:\/\/tulibreando.com\/index.php\/wp-json\/wp\/v2\/media\/1499"}],"wp:attachment":[{"href":"https:\/\/tulibreando.com\/index.php\/wp-json\/wp\/v2\/media?parent=1507"}],"wp:term":[{"taxonomy":"product_cat","embeddable":true,"href":"https:\/\/tulibreando.com\/index.php\/wp-json\/wp\/v2\/product_cat?post=1507"},{"taxonomy":"product_tag","embeddable":true,"href":"https:\/\/tulibreando.com\/index.php\/wp-json\/wp\/v2\/product_tag?post=1507"}],"curies":[{"name":"wp","href":"https:\/\/api.w.org\/{rel}","templated":true}]}}