{"id":1502,"date":"2024-04-11T16:35:45","date_gmt":"2024-04-11T20:35:45","guid":{"rendered":"https:\/\/tulibreando.com\/?post_type=product&#038;p=1502"},"modified":"2024-06-06T15:17:06","modified_gmt":"2024-06-06T19:17:06","slug":"la-historia-del-loco","status":"publish","type":"product","link":"https:\/\/tulibreando.com\/index.php\/product\/la-historia-del-loco\/","title":{"rendered":"La historia del loco"},"content":{"rendered":"<p>Francis Petrel ten\u00eda poco m\u00e1s de veinte a\u00f1os cuando su familia lo recluy\u00f3 en el psiqui\u00e1trico tras una conducta imprevisible que culmin\u00f3 en una crisis. Ahora, alcanzada la mediana edad, lleva una vida sin rumbo y solitaria, alojado en un piso barato y permanentemente medicado para acallar el coro de voces en su cabeza.<\/p>\n","protected":false},"excerpt":{"rendered":"<p>Francis Petrel ten\u00eda poco m\u00e1s de veinte a\u00f1os cuando su familia lo recluy\u00f3 en el psiqui\u00e1trico tras una conducta imprevisible que culmin\u00f3 en una crisis. Ahora, alcanzada la mediana edad, lleva una vida sin rumbo y solitaria, alojado en un piso barato y permanentemente medicado para acallar el coro de voces en su cabeza.<\/p>\n","protected":false},"featured_media":1496,"comment_status":"open","ping_status":"closed","template":"","meta":{"_acf_changed":false,"product_autor":""},"product_cat":[45],"product_tag":[],"class_list":{"0":"post-1502","1":"product","2":"type-product","3":"status-publish","4":"has-post-thumbnail","6":"product_cat-literatura-y-novelas","8":"first","9":"instock","10":"virtual","11":"purchasable","12":"product-type-simple"},"acf":[],"_links":{"self":[{"href":"https:\/\/tulibreando.com\/index.php\/wp-json\/wp\/v2\/product\/1502"}],"collection":[{"href":"https:\/\/tulibreando.com\/index.php\/wp-json\/wp\/v2\/product"}],"about":[{"href":"https:\/\/tulibreando.com\/index.php\/wp-json\/wp\/v2\/types\/product"}],"replies":[{"embeddable":true,"href":"https:\/\/tulibreando.com\/index.php\/wp-json\/wp\/v2\/comments?post=1502"}],"wp:featuredmedia":[{"embeddable":true,"href":"https:\/\/tulibreando.com\/index.php\/wp-json\/wp\/v2\/media\/1496"}],"wp:attachment":[{"href":"https:\/\/tulibreando.com\/index.php\/wp-json\/wp\/v2\/media?parent=1502"}],"wp:term":[{"taxonomy":"product_cat","embeddable":true,"href":"https:\/\/tulibreando.com\/index.php\/wp-json\/wp\/v2\/product_cat?post=1502"},{"taxonomy":"product_tag","embeddable":true,"href":"https:\/\/tulibreando.com\/index.php\/wp-json\/wp\/v2\/product_tag?post=1502"}],"curies":[{"name":"wp","href":"https:\/\/api.w.org\/{rel}","templated":true}]}}