{"id":1501,"date":"2024-04-11T16:35:44","date_gmt":"2024-04-11T20:35:44","guid":{"rendered":"https:\/\/tulibreando.com\/?post_type=product&#038;p=1501"},"modified":"2024-06-06T15:17:05","modified_gmt":"2024-06-06T19:17:05","slug":"jaque-al-psicoanalista","status":"publish","type":"product","link":"https:\/\/tulibreando.com\/index.php\/product\/jaque-al-psicoanalista\/","title":{"rendered":"Jaque al psicoanalista"},"content":{"rendered":"<p>Han pasado cinco a\u00f1os desde que el doctor Starks termin\u00f3 con la pesadilla que casi le cuesta la vida y que arras\u00f3 con todo lo que \u00e9l hab\u00eda sido hasta ese momento, revel\u00e1ndole las facetas m\u00e1s oscuras del alma humana, tambi\u00e9n de la suya.<\/p>\n","protected":false},"excerpt":{"rendered":"<p>Han pasado cinco a\u00f1os desde que el doctor Starks termin\u00f3 con la pesadilla que casi le cuesta la vida y que arras\u00f3 con todo lo que \u00e9l hab\u00eda sido hasta ese momento, revel\u00e1ndole las facetas m\u00e1s oscuras del alma humana, tambi\u00e9n de la suya.<\/p>\n","protected":false},"featured_media":1497,"comment_status":"open","ping_status":"closed","template":"","meta":{"_acf_changed":false,"product_autor":""},"product_cat":[45],"product_tag":[],"class_list":{"0":"post-1501","1":"product","2":"type-product","3":"status-publish","4":"has-post-thumbnail","6":"product_cat-literatura-y-novelas","8":"first","9":"instock","10":"virtual","11":"purchasable","12":"product-type-simple"},"acf":[],"_links":{"self":[{"href":"https:\/\/tulibreando.com\/index.php\/wp-json\/wp\/v2\/product\/1501"}],"collection":[{"href":"https:\/\/tulibreando.com\/index.php\/wp-json\/wp\/v2\/product"}],"about":[{"href":"https:\/\/tulibreando.com\/index.php\/wp-json\/wp\/v2\/types\/product"}],"replies":[{"embeddable":true,"href":"https:\/\/tulibreando.com\/index.php\/wp-json\/wp\/v2\/comments?post=1501"}],"wp:featuredmedia":[{"embeddable":true,"href":"https:\/\/tulibreando.com\/index.php\/wp-json\/wp\/v2\/media\/1497"}],"wp:attachment":[{"href":"https:\/\/tulibreando.com\/index.php\/wp-json\/wp\/v2\/media?parent=1501"}],"wp:term":[{"taxonomy":"product_cat","embeddable":true,"href":"https:\/\/tulibreando.com\/index.php\/wp-json\/wp\/v2\/product_cat?post=1501"},{"taxonomy":"product_tag","embeddable":true,"href":"https:\/\/tulibreando.com\/index.php\/wp-json\/wp\/v2\/product_tag?post=1501"}],"curies":[{"name":"wp","href":"https:\/\/api.w.org\/{rel}","templated":true}]}}