{"id":1491,"date":"2024-04-11T14:51:53","date_gmt":"2024-04-11T18:51:53","guid":{"rendered":"https:\/\/tulibreando.com\/?post_type=product&#038;p=1491"},"modified":"2024-06-06T15:17:05","modified_gmt":"2024-06-06T19:17:05","slug":"bastian-strobus","status":"publish","type":"product","link":"https:\/\/tulibreando.com\/index.php\/product\/bastian-strobus\/","title":{"rendered":"Bastian Strobus"},"content":{"rendered":"<p>Bastian, un ni\u00f1o hu\u00e9rfano de doce a\u00f1os posee facultades que \u00e9l mismo desconoce, y no controla sus l\u00edmites; debe llegar a la ciudad de\u00a0<strong>Soul Land<\/strong>\u00a0en el mundo de Sigridur, antes que el cient\u00edfico Vladimir Polanski lo use para oscuros fines contra la humanidad.<\/p>\n","protected":false},"excerpt":{"rendered":"<p>Bastian, un ni\u00f1o hu\u00e9rfano de doce a\u00f1os posee facultades que \u00e9l mismo desconoce, y no controla sus l\u00edmites; debe llegar a la ciudad de\u00a0Soul Land\u00a0en el mundo de Sigridur, antes que el cient\u00edfico Vladimir Polanski lo use para oscuros fines contra la humanidad.<\/p>\n","protected":false},"featured_media":1494,"comment_status":"open","ping_status":"closed","template":"","meta":{"_acf_changed":false,"product_autor":""},"product_cat":[45],"product_tag":[],"class_list":{"0":"post-1491","1":"product","2":"type-product","3":"status-publish","4":"has-post-thumbnail","6":"product_cat-literatura-y-novelas","8":"first","9":"instock","10":"virtual","11":"purchasable","12":"product-type-simple"},"acf":[],"_links":{"self":[{"href":"https:\/\/tulibreando.com\/index.php\/wp-json\/wp\/v2\/product\/1491"}],"collection":[{"href":"https:\/\/tulibreando.com\/index.php\/wp-json\/wp\/v2\/product"}],"about":[{"href":"https:\/\/tulibreando.com\/index.php\/wp-json\/wp\/v2\/types\/product"}],"replies":[{"embeddable":true,"href":"https:\/\/tulibreando.com\/index.php\/wp-json\/wp\/v2\/comments?post=1491"}],"wp:featuredmedia":[{"embeddable":true,"href":"https:\/\/tulibreando.com\/index.php\/wp-json\/wp\/v2\/media\/1494"}],"wp:attachment":[{"href":"https:\/\/tulibreando.com\/index.php\/wp-json\/wp\/v2\/media?parent=1491"}],"wp:term":[{"taxonomy":"product_cat","embeddable":true,"href":"https:\/\/tulibreando.com\/index.php\/wp-json\/wp\/v2\/product_cat?post=1491"},{"taxonomy":"product_tag","embeddable":true,"href":"https:\/\/tulibreando.com\/index.php\/wp-json\/wp\/v2\/product_tag?post=1491"}],"curies":[{"name":"wp","href":"https:\/\/api.w.org\/{rel}","templated":true}]}}