{"id":1276,"date":"2024-02-15T14:46:26","date_gmt":"2024-02-15T18:46:26","guid":{"rendered":"https:\/\/tulibreando.com\/?post_type=product&#038;p=1276"},"modified":"2024-06-06T15:17:04","modified_gmt":"2024-06-06T19:17:04","slug":"el-metodo-lean-startup","status":"publish","type":"product","link":"https:\/\/tulibreando.com\/index.php\/product\/el-metodo-lean-startup\/","title":{"rendered":"El m\u00e9todo Lean Startup"},"content":{"rendered":"<p>El m\u00e9todo Lean Startup supone un nuevo enfoque que se est\u00e1 adoptando en todo el mundo para cambiar la forma en que las empresas crean y lanzan sus productos. Eric Ries define una startup como una organizaci\u00f3n dedicada a crear algo bajo condiciones de incertidumbre extrema<\/p>\n","protected":false},"excerpt":{"rendered":"<p>El m\u00e9todo Lean Startup supone un nuevo enfoque que se est\u00e1 adoptando en todo el mundo para cambiar la forma en que las empresas crean y lanzan sus productos. Eric Ries define una startup como una organizaci\u00f3n dedicada a crear algo bajo condiciones de incertidumbre extrema<\/p>\n","protected":false},"featured_media":1070,"comment_status":"open","ping_status":"closed","template":"","meta":{"_acf_changed":false,"product_autor":""},"product_cat":[36,37],"product_tag":[],"class_list":{"0":"post-1276","1":"product","2":"type-product","3":"status-publish","4":"has-post-thumbnail","6":"product_cat-libros","7":"product_cat-negocios","9":"first","10":"instock","11":"virtual","12":"purchasable","13":"product-type-simple"},"acf":[],"_links":{"self":[{"href":"https:\/\/tulibreando.com\/index.php\/wp-json\/wp\/v2\/product\/1276"}],"collection":[{"href":"https:\/\/tulibreando.com\/index.php\/wp-json\/wp\/v2\/product"}],"about":[{"href":"https:\/\/tulibreando.com\/index.php\/wp-json\/wp\/v2\/types\/product"}],"replies":[{"embeddable":true,"href":"https:\/\/tulibreando.com\/index.php\/wp-json\/wp\/v2\/comments?post=1276"}],"wp:featuredmedia":[{"embeddable":true,"href":"https:\/\/tulibreando.com\/index.php\/wp-json\/wp\/v2\/media\/1070"}],"wp:attachment":[{"href":"https:\/\/tulibreando.com\/index.php\/wp-json\/wp\/v2\/media?parent=1276"}],"wp:term":[{"taxonomy":"product_cat","embeddable":true,"href":"https:\/\/tulibreando.com\/index.php\/wp-json\/wp\/v2\/product_cat?post=1276"},{"taxonomy":"product_tag","embeddable":true,"href":"https:\/\/tulibreando.com\/index.php\/wp-json\/wp\/v2\/product_tag?post=1276"}],"curies":[{"name":"wp","href":"https:\/\/api.w.org\/{rel}","templated":true}]}}