{"id":1274,"date":"2024-02-15T14:46:26","date_gmt":"2024-02-15T18:46:26","guid":{"rendered":"https:\/\/tulibreando.com\/?post_type=product&#038;p=1274"},"modified":"2024-06-06T15:17:04","modified_gmt":"2024-06-06T19:17:04","slug":"los-secretos-de-la-mente-millonaria","status":"publish","type":"product","link":"https:\/\/tulibreando.com\/index.php\/product\/los-secretos-de-la-mente-millonaria\/","title":{"rendered":"Los secretos de la mente millonaria"},"content":{"rendered":"<p>Los secretos de la mente millonaria&#8221;, de T. Harv Eker, es un libro de finanzas personales que resalta la importancia de desarrollar una mentalidad de riqueza, concentrarse en la soluci\u00f3n de problemas y tomar acci\u00f3n para lograr el \u00e9xito financiero.<\/p>\n","protected":false},"excerpt":{"rendered":"<p>Los secretos de la mente millonaria&#8221;, de T. Harv Eker, es un libro de finanzas personales que resalta la importancia de desarrollar una mentalidad de riqueza, concentrarse en la soluci\u00f3n de problemas y tomar acci\u00f3n para lograr el \u00e9xito financiero.<\/p>\n","protected":false},"featured_media":1107,"comment_status":"open","ping_status":"closed","template":"","meta":{"_acf_changed":false,"product_autor":""},"product_cat":[36,37],"product_tag":[],"class_list":{"0":"post-1274","1":"product","2":"type-product","3":"status-publish","4":"has-post-thumbnail","6":"product_cat-libros","7":"product_cat-negocios","9":"first","10":"instock","11":"virtual","12":"purchasable","13":"product-type-simple"},"acf":[],"_links":{"self":[{"href":"https:\/\/tulibreando.com\/index.php\/wp-json\/wp\/v2\/product\/1274"}],"collection":[{"href":"https:\/\/tulibreando.com\/index.php\/wp-json\/wp\/v2\/product"}],"about":[{"href":"https:\/\/tulibreando.com\/index.php\/wp-json\/wp\/v2\/types\/product"}],"replies":[{"embeddable":true,"href":"https:\/\/tulibreando.com\/index.php\/wp-json\/wp\/v2\/comments?post=1274"}],"wp:featuredmedia":[{"embeddable":true,"href":"https:\/\/tulibreando.com\/index.php\/wp-json\/wp\/v2\/media\/1107"}],"wp:attachment":[{"href":"https:\/\/tulibreando.com\/index.php\/wp-json\/wp\/v2\/media?parent=1274"}],"wp:term":[{"taxonomy":"product_cat","embeddable":true,"href":"https:\/\/tulibreando.com\/index.php\/wp-json\/wp\/v2\/product_cat?post=1274"},{"taxonomy":"product_tag","embeddable":true,"href":"https:\/\/tulibreando.com\/index.php\/wp-json\/wp\/v2\/product_tag?post=1274"}],"curies":[{"name":"wp","href":"https:\/\/api.w.org\/{rel}","templated":true}]}}