{"id":1272,"date":"2024-02-15T14:46:22","date_gmt":"2024-02-15T18:46:22","guid":{"rendered":"https:\/\/tulibreando.com\/?post_type=product&#038;p=1272"},"modified":"2024-06-06T15:17:03","modified_gmt":"2024-06-06T19:17:03","slug":"el-senor-de-las-moscas","status":"publish","type":"product","link":"https:\/\/tulibreando.com\/index.php\/product\/el-senor-de-las-moscas\/","title":{"rendered":"El se\u00f1or de las moscas"},"content":{"rendered":"<p>El se\u00f1or de las moscas es una novela reveladora sobre lo que le sucede a un grupo de ni\u00f1os que son abandonados y abandonados a su suerte. Los estudiantes siempre parecen relacionarse con la dif\u00edcil situaci\u00f3n de Ralph, mientras lucha por mantener el orden en un lugar donde la anarqu\u00eda se desboca.<\/p>\n","protected":false},"excerpt":{"rendered":"<p>El se\u00f1or de las moscas es una novela reveladora sobre lo que le sucede a un grupo de ni\u00f1os que son abandonados y abandonados a su suerte. Los estudiantes siempre parecen relacionarse con la dif\u00edcil situaci\u00f3n de Ralph, mientras lucha por mantener el orden en un lugar donde la anarqu\u00eda se desboca.<\/p>\n","protected":false},"featured_media":1182,"comment_status":"open","ping_status":"closed","template":"","meta":{"_acf_changed":false,"product_autor":""},"product_cat":[45],"product_tag":[],"class_list":{"0":"post-1272","1":"product","2":"type-product","3":"status-publish","4":"has-post-thumbnail","6":"product_cat-literatura-y-novelas","8":"first","9":"instock","10":"virtual","11":"purchasable","12":"product-type-simple"},"acf":[],"_links":{"self":[{"href":"https:\/\/tulibreando.com\/index.php\/wp-json\/wp\/v2\/product\/1272"}],"collection":[{"href":"https:\/\/tulibreando.com\/index.php\/wp-json\/wp\/v2\/product"}],"about":[{"href":"https:\/\/tulibreando.com\/index.php\/wp-json\/wp\/v2\/types\/product"}],"replies":[{"embeddable":true,"href":"https:\/\/tulibreando.com\/index.php\/wp-json\/wp\/v2\/comments?post=1272"}],"wp:featuredmedia":[{"embeddable":true,"href":"https:\/\/tulibreando.com\/index.php\/wp-json\/wp\/v2\/media\/1182"}],"wp:attachment":[{"href":"https:\/\/tulibreando.com\/index.php\/wp-json\/wp\/v2\/media?parent=1272"}],"wp:term":[{"taxonomy":"product_cat","embeddable":true,"href":"https:\/\/tulibreando.com\/index.php\/wp-json\/wp\/v2\/product_cat?post=1272"},{"taxonomy":"product_tag","embeddable":true,"href":"https:\/\/tulibreando.com\/index.php\/wp-json\/wp\/v2\/product_tag?post=1272"}],"curies":[{"name":"wp","href":"https:\/\/api.w.org\/{rel}","templated":true}]}}