{"id":1267,"date":"2024-02-15T14:46:22","date_gmt":"2024-02-15T18:46:22","guid":{"rendered":"https:\/\/tulibreando.com\/?post_type=product&#038;p=1267"},"modified":"2024-06-06T15:17:00","modified_gmt":"2024-06-06T19:17:00","slug":"cosmos","status":"publish","type":"product","link":"https:\/\/tulibreando.com\/index.php\/product\/cosmos\/","title":{"rendered":"Cosmos"},"content":{"rendered":"<p>Este libro, que contiene m\u00e1s de doscientas cincuenta ilustraciones a todo color verdaderamente asombrosas, est\u00e1 basado en un programa de trece cap\u00edtulos que el profesor Carl Sagan realiz\u00f3 para la televisi\u00f3n. Narrado con la proverbial habilidad que ten\u00eda Sagan para conseguir que las ideas cient\u00edficas fuesen comprensibles y apasionantes, Cosmos trata de la ciencia en su contexto humano m\u00e1s amplio y explica c\u00f3mo la ciencia y la civilizaci\u00f3n se desarrollan conjuntamente.<\/p>\n","protected":false},"excerpt":{"rendered":"<p>Este libro, que contiene m\u00e1s de doscientas cincuenta ilustraciones a todo color verdaderamente asombrosas, est\u00e1 basado en un programa de trece cap\u00edtulos que el profesor Carl Sagan realiz\u00f3 para la televisi\u00f3n. Narrado con la proverbial habilidad que ten\u00eda Sagan para conseguir que las ideas cient\u00edficas fuesen comprensibles y apasionantes, Cosmos trata de la ciencia en [&hellip;]<\/p>\n","protected":false},"featured_media":1047,"comment_status":"open","ping_status":"closed","template":"","meta":{"_acf_changed":false,"product_autor":""},"product_cat":[36,40],"product_tag":[],"class_list":{"0":"post-1267","1":"product","2":"type-product","3":"status-publish","4":"has-post-thumbnail","6":"product_cat-libros","7":"product_cat-tecnicos","9":"first","10":"instock","11":"virtual","12":"purchasable","13":"product-type-simple"},"acf":[],"_links":{"self":[{"href":"https:\/\/tulibreando.com\/index.php\/wp-json\/wp\/v2\/product\/1267"}],"collection":[{"href":"https:\/\/tulibreando.com\/index.php\/wp-json\/wp\/v2\/product"}],"about":[{"href":"https:\/\/tulibreando.com\/index.php\/wp-json\/wp\/v2\/types\/product"}],"replies":[{"embeddable":true,"href":"https:\/\/tulibreando.com\/index.php\/wp-json\/wp\/v2\/comments?post=1267"}],"wp:featuredmedia":[{"embeddable":true,"href":"https:\/\/tulibreando.com\/index.php\/wp-json\/wp\/v2\/media\/1047"}],"wp:attachment":[{"href":"https:\/\/tulibreando.com\/index.php\/wp-json\/wp\/v2\/media?parent=1267"}],"wp:term":[{"taxonomy":"product_cat","embeddable":true,"href":"https:\/\/tulibreando.com\/index.php\/wp-json\/wp\/v2\/product_cat?post=1267"},{"taxonomy":"product_tag","embeddable":true,"href":"https:\/\/tulibreando.com\/index.php\/wp-json\/wp\/v2\/product_tag?post=1267"}],"curies":[{"name":"wp","href":"https:\/\/api.w.org\/{rel}","templated":true}]}}