{"id":1264,"date":"2024-02-15T14:46:21","date_gmt":"2024-02-15T18:46:21","guid":{"rendered":"https:\/\/tulibreando.com\/?post_type=product&#038;p=1264"},"modified":"2024-06-06T15:17:00","modified_gmt":"2024-06-06T19:17:00","slug":"sobrenatural","status":"publish","type":"product","link":"https:\/\/tulibreando.com\/index.php\/product\/sobrenatural\/","title":{"rendered":"Sobrenatural"},"content":{"rendered":"<p>Combina informaci\u00f3n cient\u00edfica con sabidur\u00eda ancestral. Joe Dispenza, el cient\u00edfico que ha recorrido el mundo ense\u00f1ando la ciencia de la transformaci\u00f3n, regresa con un nuevo libro en el que expone los conocimientos y la instrucci\u00f3n para asomarse m\u00e1s all\u00e1 de la realidad.<\/p>\n","protected":false},"excerpt":{"rendered":"<p>Combina informaci\u00f3n cient\u00edfica con sabidur\u00eda ancestral. Joe Dispenza, el cient\u00edfico que ha recorrido el mundo ense\u00f1ando la ciencia de la transformaci\u00f3n, regresa con un nuevo libro en el que expone los conocimientos y la instrucci\u00f3n para asomarse m\u00e1s all\u00e1 de la realidad.<\/p>\n","protected":false},"featured_media":1124,"comment_status":"open","ping_status":"closed","template":"","meta":{"_acf_changed":false,"product_autor":""},"product_cat":[39,36],"product_tag":[],"class_list":{"0":"post-1264","1":"product","2":"type-product","3":"status-publish","4":"has-post-thumbnail","6":"product_cat-crecimiento-personal","7":"product_cat-libros","9":"first","10":"instock","11":"virtual","12":"purchasable","13":"product-type-simple"},"acf":[],"_links":{"self":[{"href":"https:\/\/tulibreando.com\/index.php\/wp-json\/wp\/v2\/product\/1264"}],"collection":[{"href":"https:\/\/tulibreando.com\/index.php\/wp-json\/wp\/v2\/product"}],"about":[{"href":"https:\/\/tulibreando.com\/index.php\/wp-json\/wp\/v2\/types\/product"}],"replies":[{"embeddable":true,"href":"https:\/\/tulibreando.com\/index.php\/wp-json\/wp\/v2\/comments?post=1264"}],"wp:featuredmedia":[{"embeddable":true,"href":"https:\/\/tulibreando.com\/index.php\/wp-json\/wp\/v2\/media\/1124"}],"wp:attachment":[{"href":"https:\/\/tulibreando.com\/index.php\/wp-json\/wp\/v2\/media?parent=1264"}],"wp:term":[{"taxonomy":"product_cat","embeddable":true,"href":"https:\/\/tulibreando.com\/index.php\/wp-json\/wp\/v2\/product_cat?post=1264"},{"taxonomy":"product_tag","embeddable":true,"href":"https:\/\/tulibreando.com\/index.php\/wp-json\/wp\/v2\/product_tag?post=1264"}],"curies":[{"name":"wp","href":"https:\/\/api.w.org\/{rel}","templated":true}]}}