{"id":1259,"date":"2024-02-15T14:46:21","date_gmt":"2024-02-15T18:46:21","guid":{"rendered":"https:\/\/tulibreando.com\/?post_type=product&#038;p=1259"},"modified":"2024-06-06T15:16:59","modified_gmt":"2024-06-06T19:16:59","slug":"el-arte-de-amar","status":"publish","type":"product","link":"https:\/\/tulibreando.com\/index.php\/product\/el-arte-de-amar\/","title":{"rendered":"El arte de amar"},"content":{"rendered":"<p>Fromm afirma que el amor no es solo una relaci\u00f3n personal, sino un rasgo de madurez que se manifiesta en diversas formas: amor er\u00f3tico, amor fraternal, amor filial, amor a uno mismo. Asegura tambien que el amor no es algo pasajero y mec\u00e1nico, sino que es fruto de un aprendizaje.<\/p>\n","protected":false},"excerpt":{"rendered":"<p>Fromm afirma que el amor no es solo una relaci\u00f3n personal, sino un rasgo de madurez que se manifiesta en diversas formas: amor er\u00f3tico, amor fraternal, amor filial, amor a uno mismo. Asegura tambien que el amor no es algo pasajero y mec\u00e1nico, sino que es fruto de un aprendizaje.<\/p>\n","protected":false},"featured_media":1058,"comment_status":"open","ping_status":"closed","template":"","meta":{"_acf_changed":false,"product_autor":""},"product_cat":[45],"product_tag":[],"class_list":{"0":"post-1259","1":"product","2":"type-product","3":"status-publish","4":"has-post-thumbnail","6":"product_cat-literatura-y-novelas","8":"first","9":"instock","10":"virtual","11":"purchasable","12":"product-type-simple"},"acf":[],"_links":{"self":[{"href":"https:\/\/tulibreando.com\/index.php\/wp-json\/wp\/v2\/product\/1259"}],"collection":[{"href":"https:\/\/tulibreando.com\/index.php\/wp-json\/wp\/v2\/product"}],"about":[{"href":"https:\/\/tulibreando.com\/index.php\/wp-json\/wp\/v2\/types\/product"}],"replies":[{"embeddable":true,"href":"https:\/\/tulibreando.com\/index.php\/wp-json\/wp\/v2\/comments?post=1259"}],"wp:featuredmedia":[{"embeddable":true,"href":"https:\/\/tulibreando.com\/index.php\/wp-json\/wp\/v2\/media\/1058"}],"wp:attachment":[{"href":"https:\/\/tulibreando.com\/index.php\/wp-json\/wp\/v2\/media?parent=1259"}],"wp:term":[{"taxonomy":"product_cat","embeddable":true,"href":"https:\/\/tulibreando.com\/index.php\/wp-json\/wp\/v2\/product_cat?post=1259"},{"taxonomy":"product_tag","embeddable":true,"href":"https:\/\/tulibreando.com\/index.php\/wp-json\/wp\/v2\/product_tag?post=1259"}],"curies":[{"name":"wp","href":"https:\/\/api.w.org\/{rel}","templated":true}]}}