{"id":1255,"date":"2024-02-15T14:46:21","date_gmt":"2024-02-15T18:46:21","guid":{"rendered":"https:\/\/tulibreando.com\/?post_type=product&#038;p=1255"},"modified":"2024-06-06T15:16:59","modified_gmt":"2024-06-06T19:16:59","slug":"el-vendedor-mas-grande-del-mundo","status":"publish","type":"product","link":"https:\/\/tulibreando.com\/index.php\/product\/el-vendedor-mas-grande-del-mundo\/","title":{"rendered":"El vendedor m\u00e1s grande del mundo"},"content":{"rendered":"<p>La entra\u00f1able historia del camellero que se convirti\u00f3 en el vendedor m\u00e1s exitoso contin\u00faa cambiando la vida de millones de personas alrededor del mundo. Su peregrinar lo llev\u00f3 a encontrar los famosos pergaminos que resguardan las claves para obtener riqueza y lograr la plenitud.<\/p>\n","protected":false},"excerpt":{"rendered":"<p>La entra\u00f1able historia del camellero que se convirti\u00f3 en el vendedor m\u00e1s exitoso contin\u00faa cambiando la vida de millones de personas alrededor del mundo. Su peregrinar lo llev\u00f3 a encontrar los famosos pergaminos que resguardan las claves para obtener riqueza y lograr la plenitud.<\/p>\n","protected":false},"featured_media":1083,"comment_status":"open","ping_status":"closed","template":"","meta":{"_acf_changed":false,"product_autor":""},"product_cat":[36,37],"product_tag":[],"class_list":{"0":"post-1255","1":"product","2":"type-product","3":"status-publish","4":"has-post-thumbnail","6":"product_cat-libros","7":"product_cat-negocios","9":"first","10":"instock","11":"virtual","12":"purchasable","13":"product-type-simple"},"acf":[],"_links":{"self":[{"href":"https:\/\/tulibreando.com\/index.php\/wp-json\/wp\/v2\/product\/1255"}],"collection":[{"href":"https:\/\/tulibreando.com\/index.php\/wp-json\/wp\/v2\/product"}],"about":[{"href":"https:\/\/tulibreando.com\/index.php\/wp-json\/wp\/v2\/types\/product"}],"replies":[{"embeddable":true,"href":"https:\/\/tulibreando.com\/index.php\/wp-json\/wp\/v2\/comments?post=1255"}],"wp:featuredmedia":[{"embeddable":true,"href":"https:\/\/tulibreando.com\/index.php\/wp-json\/wp\/v2\/media\/1083"}],"wp:attachment":[{"href":"https:\/\/tulibreando.com\/index.php\/wp-json\/wp\/v2\/media?parent=1255"}],"wp:term":[{"taxonomy":"product_cat","embeddable":true,"href":"https:\/\/tulibreando.com\/index.php\/wp-json\/wp\/v2\/product_cat?post=1255"},{"taxonomy":"product_tag","embeddable":true,"href":"https:\/\/tulibreando.com\/index.php\/wp-json\/wp\/v2\/product_tag?post=1255"}],"curies":[{"name":"wp","href":"https:\/\/api.w.org\/{rel}","templated":true}]}}