{"id":1240,"date":"2024-02-15T14:46:15","date_gmt":"2024-02-15T18:46:15","guid":{"rendered":"https:\/\/tulibreando.com\/?post_type=product&#038;p=1240"},"modified":"2024-06-06T15:16:56","modified_gmt":"2024-06-06T19:16:56","slug":"cronica-de-una-muerte-anunciada","status":"publish","type":"product","link":"https:\/\/tulibreando.com\/index.php\/product\/cronica-de-una-muerte-anunciada\/","title":{"rendered":"Cr\u00f3nica de una muerte anunciada"},"content":{"rendered":"<p>Cr\u00f3nica de una muerte anunciada relata la historia del asesinato de Santiago Nasar, un joven de 21 a\u00f1os, con ascendencia \u00e1rabe y cat\u00f3lico, quien gobernaba la hacienda de su difunto padre y estaba comprometido con Flora Miguel.<\/p>\n","protected":false},"excerpt":{"rendered":"<p>Cr\u00f3nica de una muerte anunciada relata la historia del asesinato de Santiago Nasar, un joven de 21 a\u00f1os, con ascendencia \u00e1rabe y cat\u00f3lico, quien gobernaba la hacienda de su difunto padre y estaba comprometido con Flora Miguel.<\/p>\n","protected":false},"featured_media":1048,"comment_status":"open","ping_status":"closed","template":"","meta":{"_acf_changed":false,"product_autor":""},"product_cat":[45],"product_tag":[],"class_list":{"0":"post-1240","1":"product","2":"type-product","3":"status-publish","4":"has-post-thumbnail","6":"product_cat-literatura-y-novelas","8":"first","9":"instock","10":"virtual","11":"purchasable","12":"product-type-simple"},"acf":[],"_links":{"self":[{"href":"https:\/\/tulibreando.com\/index.php\/wp-json\/wp\/v2\/product\/1240"}],"collection":[{"href":"https:\/\/tulibreando.com\/index.php\/wp-json\/wp\/v2\/product"}],"about":[{"href":"https:\/\/tulibreando.com\/index.php\/wp-json\/wp\/v2\/types\/product"}],"replies":[{"embeddable":true,"href":"https:\/\/tulibreando.com\/index.php\/wp-json\/wp\/v2\/comments?post=1240"}],"wp:featuredmedia":[{"embeddable":true,"href":"https:\/\/tulibreando.com\/index.php\/wp-json\/wp\/v2\/media\/1048"}],"wp:attachment":[{"href":"https:\/\/tulibreando.com\/index.php\/wp-json\/wp\/v2\/media?parent=1240"}],"wp:term":[{"taxonomy":"product_cat","embeddable":true,"href":"https:\/\/tulibreando.com\/index.php\/wp-json\/wp\/v2\/product_cat?post=1240"},{"taxonomy":"product_tag","embeddable":true,"href":"https:\/\/tulibreando.com\/index.php\/wp-json\/wp\/v2\/product_tag?post=1240"}],"curies":[{"name":"wp","href":"https:\/\/api.w.org\/{rel}","templated":true}]}}