{"id":1237,"date":"2024-02-15T14:46:15","date_gmt":"2024-02-15T18:46:15","guid":{"rendered":"https:\/\/tulibreando.com\/?post_type=product&#038;p=1237"},"modified":"2024-06-06T15:16:56","modified_gmt":"2024-06-06T19:16:56","slug":"el-principe","status":"publish","type":"product","link":"https:\/\/tulibreando.com\/index.php\/product\/el-principe\/","title":{"rendered":"El principe"},"content":{"rendered":"<p>Considerado el primer tratado moderno sobre el arte de gobernar, El Pr\u00edncipe constituye la obra clave para entender el pensamiento pol\u00edtico de Nicol\u00e1s Maquiavelo. En \u00e9l detalla los secretos esenciales para hacerse con el poder y convertirse en un gobernante de \u00e9xito.<\/p>\n","protected":false},"excerpt":{"rendered":"<p>Considerado el primer tratado moderno sobre el arte de gobernar, El Pr\u00edncipe constituye la obra clave para entender el pensamiento pol\u00edtico de Nicol\u00e1s Maquiavelo. En \u00e9l detalla los secretos esenciales para hacerse con el poder y convertirse en un gobernante de \u00e9xito.<\/p>\n","protected":false},"featured_media":1079,"comment_status":"open","ping_status":"closed","template":"","meta":{"_acf_changed":false,"product_autor":""},"product_cat":[45],"product_tag":[],"class_list":{"0":"post-1237","1":"product","2":"type-product","3":"status-publish","4":"has-post-thumbnail","6":"product_cat-literatura-y-novelas","8":"first","9":"instock","10":"virtual","11":"purchasable","12":"product-type-simple"},"acf":[],"_links":{"self":[{"href":"https:\/\/tulibreando.com\/index.php\/wp-json\/wp\/v2\/product\/1237"}],"collection":[{"href":"https:\/\/tulibreando.com\/index.php\/wp-json\/wp\/v2\/product"}],"about":[{"href":"https:\/\/tulibreando.com\/index.php\/wp-json\/wp\/v2\/types\/product"}],"replies":[{"embeddable":true,"href":"https:\/\/tulibreando.com\/index.php\/wp-json\/wp\/v2\/comments?post=1237"}],"wp:featuredmedia":[{"embeddable":true,"href":"https:\/\/tulibreando.com\/index.php\/wp-json\/wp\/v2\/media\/1079"}],"wp:attachment":[{"href":"https:\/\/tulibreando.com\/index.php\/wp-json\/wp\/v2\/media?parent=1237"}],"wp:term":[{"taxonomy":"product_cat","embeddable":true,"href":"https:\/\/tulibreando.com\/index.php\/wp-json\/wp\/v2\/product_cat?post=1237"},{"taxonomy":"product_tag","embeddable":true,"href":"https:\/\/tulibreando.com\/index.php\/wp-json\/wp\/v2\/product_tag?post=1237"}],"curies":[{"name":"wp","href":"https:\/\/api.w.org\/{rel}","templated":true}]}}