{"id":1235,"date":"2024-02-15T14:46:15","date_gmt":"2024-02-15T18:46:15","guid":{"rendered":"https:\/\/tulibreando.com\/?post_type=product&#038;p=1235"},"modified":"2024-06-06T15:16:56","modified_gmt":"2024-06-06T19:16:56","slug":"muchas-vidas-muchos-maestros","status":"publish","type":"product","link":"https:\/\/tulibreando.com\/index.php\/product\/muchas-vidas-muchos-maestros\/","title":{"rendered":"Muchas vidas, muchos maestros"},"content":{"rendered":"<p>En su c\u00e9lebre obra Muchas vidas, muchos maestros, el doctor Brian Weiss relata su investigaci\u00f3n sobre el poder curativo de la regresi\u00f3n a vidas anteriores. Cuando una de sus pacientes, Catherine, record\u00f3 bajo hipnosis varias de sus vidas pasadas y pudo encontrar en \u00e9stas el origen de muchos de los traumas que sufr\u00eda.<\/p>\n","protected":false},"excerpt":{"rendered":"<p>En su c\u00e9lebre obra Muchas vidas, muchos maestros, el doctor Brian Weiss relata su investigaci\u00f3n sobre el poder curativo de la regresi\u00f3n a vidas anteriores. Cuando una de sus pacientes, Catherine, record\u00f3 bajo hipnosis varias de sus vidas pasadas y pudo encontrar en \u00e9stas el origen de muchos de los traumas que sufr\u00eda.<\/p>\n","protected":false},"featured_media":1110,"comment_status":"open","ping_status":"closed","template":"","meta":{"_acf_changed":false,"product_autor":""},"product_cat":[39,36,45],"product_tag":[],"class_list":{"0":"post-1235","1":"product","2":"type-product","3":"status-publish","4":"has-post-thumbnail","6":"product_cat-crecimiento-personal","7":"product_cat-libros","8":"product_cat-literatura-y-novelas","10":"first","11":"instock","12":"virtual","13":"purchasable","14":"product-type-simple"},"acf":[],"_links":{"self":[{"href":"https:\/\/tulibreando.com\/index.php\/wp-json\/wp\/v2\/product\/1235"}],"collection":[{"href":"https:\/\/tulibreando.com\/index.php\/wp-json\/wp\/v2\/product"}],"about":[{"href":"https:\/\/tulibreando.com\/index.php\/wp-json\/wp\/v2\/types\/product"}],"replies":[{"embeddable":true,"href":"https:\/\/tulibreando.com\/index.php\/wp-json\/wp\/v2\/comments?post=1235"}],"wp:featuredmedia":[{"embeddable":true,"href":"https:\/\/tulibreando.com\/index.php\/wp-json\/wp\/v2\/media\/1110"}],"wp:attachment":[{"href":"https:\/\/tulibreando.com\/index.php\/wp-json\/wp\/v2\/media?parent=1235"}],"wp:term":[{"taxonomy":"product_cat","embeddable":true,"href":"https:\/\/tulibreando.com\/index.php\/wp-json\/wp\/v2\/product_cat?post=1235"},{"taxonomy":"product_tag","embeddable":true,"href":"https:\/\/tulibreando.com\/index.php\/wp-json\/wp\/v2\/product_tag?post=1235"}],"curies":[{"name":"wp","href":"https:\/\/api.w.org\/{rel}","templated":true}]}}