{"id":1233,"date":"2024-02-15T14:46:15","date_gmt":"2024-02-15T18:46:15","guid":{"rendered":"https:\/\/tulibreando.com\/?post_type=product&#038;p=1233"},"modified":"2024-06-06T15:16:56","modified_gmt":"2024-06-06T19:16:56","slug":"travesuras-de-la-nina-mala","status":"publish","type":"product","link":"https:\/\/tulibreando.com\/index.php\/product\/travesuras-de-la-nina-mala\/","title":{"rendered":"travesuras de la ni\u00f1a mala"},"content":{"rendered":"<p>Ricardo ve cumplido, a una edad muy temprana, el sue\u00f1o que en su Lima natal aliment\u00f3 desde que ten\u00eda uso de raz\u00f3n: vivir en Par\u00eds. Pero el rencuentro con un amor de adolescencia lo cambiar\u00e1 todo. La joven, inconformista, aventurera, pragm\u00e1tica e inquieta, lo arrastrar\u00e1 fuera del peque\u00f1o mundo de sus ambiciones.<\/p>\n","protected":false},"excerpt":{"rendered":"<p>Ricardo ve cumplido, a una edad muy temprana, el sue\u00f1o que en su Lima natal aliment\u00f3 desde que ten\u00eda uso de raz\u00f3n: vivir en Par\u00eds. Pero el rencuentro con un amor de adolescencia lo cambiar\u00e1 todo. La joven, inconformista, aventurera, pragm\u00e1tica e inquieta, lo arrastrar\u00e1 fuera del peque\u00f1o mundo de sus ambiciones.<\/p>\n","protected":false},"featured_media":1128,"comment_status":"open","ping_status":"closed","template":"","meta":{"_acf_changed":false,"product_autor":""},"product_cat":[45],"product_tag":[],"class_list":{"0":"post-1233","1":"product","2":"type-product","3":"status-publish","4":"has-post-thumbnail","6":"product_cat-literatura-y-novelas","8":"first","9":"instock","10":"virtual","11":"purchasable","12":"product-type-simple"},"acf":[],"_links":{"self":[{"href":"https:\/\/tulibreando.com\/index.php\/wp-json\/wp\/v2\/product\/1233"}],"collection":[{"href":"https:\/\/tulibreando.com\/index.php\/wp-json\/wp\/v2\/product"}],"about":[{"href":"https:\/\/tulibreando.com\/index.php\/wp-json\/wp\/v2\/types\/product"}],"replies":[{"embeddable":true,"href":"https:\/\/tulibreando.com\/index.php\/wp-json\/wp\/v2\/comments?post=1233"}],"wp:featuredmedia":[{"embeddable":true,"href":"https:\/\/tulibreando.com\/index.php\/wp-json\/wp\/v2\/media\/1128"}],"wp:attachment":[{"href":"https:\/\/tulibreando.com\/index.php\/wp-json\/wp\/v2\/media?parent=1233"}],"wp:term":[{"taxonomy":"product_cat","embeddable":true,"href":"https:\/\/tulibreando.com\/index.php\/wp-json\/wp\/v2\/product_cat?post=1233"},{"taxonomy":"product_tag","embeddable":true,"href":"https:\/\/tulibreando.com\/index.php\/wp-json\/wp\/v2\/product_tag?post=1233"}],"curies":[{"name":"wp","href":"https:\/\/api.w.org\/{rel}","templated":true}]}}