{"id":1227,"date":"2024-02-15T14:46:14","date_gmt":"2024-02-15T18:46:14","guid":{"rendered":"https:\/\/tulibreando.com\/?post_type=product&#038;p=1227"},"modified":"2024-06-06T15:16:55","modified_gmt":"2024-06-06T19:16:55","slug":"como-ganar-amigos-en-influir-sobre-las-personas","status":"publish","type":"product","link":"https:\/\/tulibreando.com\/index.php\/product\/como-ganar-amigos-en-influir-sobre-las-personas\/","title":{"rendered":"Como ganar amigos en influir sobre las personas"},"content":{"rendered":"<p>Primera parte: T\u00e9cnicas fundamentales para tratar con el pr\u00f3jimo. Si quieres recoger miel, no des puntapi\u00e9s a la colmena. El gran secreto para tratar con la gente. Segunda parte: Seis maneras de agradar a los dem\u00e1s. Haga esto y ser\u00e1 bienvenido en todas partes. Una manera de causar una buena impresi\u00f3n. Una manera f\u00e1cil de convertirse en un buen conversador. C\u00f3mo interesar a la gente. Tercera parte: Logre que los dem\u00e1s piensen como usted. No es posible ganar una discusi\u00f3n. Un medio seguro de conquistar enemigos. Si se equivoca usted, adm\u00edtalo. El secreto de S\u00f3crates. C\u00f3mo obtener cooperaci\u00f3n. Un llamado que gusta a todos. Cuarta parte: Sea un l\u00edder. C\u00f3mo criticar y no ser odiado por ello. Hable primero de sus propios errores. A nadie le gusta recibir \u00f3rdenes. Permita que la otra persona salve su prestigio. Procure que la otra persona se sienta satisfecha con lo que usted quiere.<\/p>\n","protected":false},"excerpt":{"rendered":"<p>Primera parte: T\u00e9cnicas fundamentales para tratar con el pr\u00f3jimo. Si quieres recoger miel, no des puntapi\u00e9s a la colmena. El gran secreto para tratar con la gente. Segunda parte: Seis maneras de agradar a los dem\u00e1s. Haga esto y ser\u00e1 bienvenido en todas partes. Una manera de causar una buena impresi\u00f3n. Una manera f\u00e1cil de [&hellip;]<\/p>\n","protected":false},"featured_media":1045,"comment_status":"open","ping_status":"closed","template":"","meta":{"_acf_changed":false,"product_autor":""},"product_cat":[39,36,37],"product_tag":[],"class_list":{"0":"post-1227","1":"product","2":"type-product","3":"status-publish","4":"has-post-thumbnail","6":"product_cat-crecimiento-personal","7":"product_cat-libros","8":"product_cat-negocios","10":"first","11":"instock","12":"virtual","13":"purchasable","14":"product-type-simple"},"acf":[],"_links":{"self":[{"href":"https:\/\/tulibreando.com\/index.php\/wp-json\/wp\/v2\/product\/1227"}],"collection":[{"href":"https:\/\/tulibreando.com\/index.php\/wp-json\/wp\/v2\/product"}],"about":[{"href":"https:\/\/tulibreando.com\/index.php\/wp-json\/wp\/v2\/types\/product"}],"replies":[{"embeddable":true,"href":"https:\/\/tulibreando.com\/index.php\/wp-json\/wp\/v2\/comments?post=1227"}],"wp:featuredmedia":[{"embeddable":true,"href":"https:\/\/tulibreando.com\/index.php\/wp-json\/wp\/v2\/media\/1045"}],"wp:attachment":[{"href":"https:\/\/tulibreando.com\/index.php\/wp-json\/wp\/v2\/media?parent=1227"}],"wp:term":[{"taxonomy":"product_cat","embeddable":true,"href":"https:\/\/tulibreando.com\/index.php\/wp-json\/wp\/v2\/product_cat?post=1227"},{"taxonomy":"product_tag","embeddable":true,"href":"https:\/\/tulibreando.com\/index.php\/wp-json\/wp\/v2\/product_tag?post=1227"}],"curies":[{"name":"wp","href":"https:\/\/api.w.org\/{rel}","templated":true}]}}