{"id":1226,"date":"2024-02-15T14:46:14","date_gmt":"2024-02-15T18:46:14","guid":{"rendered":"https:\/\/tulibreando.com\/?post_type=product&#038;p=1226"},"modified":"2024-06-06T15:16:55","modified_gmt":"2024-06-06T19:16:55","slug":"el-secreto","status":"publish","type":"product","link":"https:\/\/tulibreando.com\/index.php\/product\/el-secreto\/","title":{"rendered":"El secreto"},"content":{"rendered":"<p>En este libro aprender\u00e1s a c\u00f3mo utilizar El Secreto en todos los aspectos de tu vida: dinero, salud, relaciones, felicidad y en todas tus interacciones con el mundo. Empezar\u00e1s a entender el poder oculto que hay en tu interior, El Secreto te traer\u00e1 felicidad en todas las \u00e1reas de tu vida.<\/p>\n","protected":false},"excerpt":{"rendered":"<p>En este libro aprender\u00e1s a c\u00f3mo utilizar El Secreto en todos los aspectos de tu vida: dinero, salud, relaciones, felicidad y en todas tus interacciones con el mundo. Empezar\u00e1s a entender el poder oculto que hay en tu interior, El Secreto te traer\u00e1 felicidad en todas las \u00e1reas de tu vida.<\/p>\n","protected":false},"featured_media":1081,"comment_status":"open","ping_status":"closed","template":"","meta":{"_acf_changed":false,"product_autor":""},"product_cat":[39,36],"product_tag":[],"class_list":{"0":"post-1226","1":"product","2":"type-product","3":"status-publish","4":"has-post-thumbnail","6":"product_cat-crecimiento-personal","7":"product_cat-libros","9":"first","10":"instock","11":"virtual","12":"purchasable","13":"product-type-simple"},"acf":[],"_links":{"self":[{"href":"https:\/\/tulibreando.com\/index.php\/wp-json\/wp\/v2\/product\/1226"}],"collection":[{"href":"https:\/\/tulibreando.com\/index.php\/wp-json\/wp\/v2\/product"}],"about":[{"href":"https:\/\/tulibreando.com\/index.php\/wp-json\/wp\/v2\/types\/product"}],"replies":[{"embeddable":true,"href":"https:\/\/tulibreando.com\/index.php\/wp-json\/wp\/v2\/comments?post=1226"}],"wp:featuredmedia":[{"embeddable":true,"href":"https:\/\/tulibreando.com\/index.php\/wp-json\/wp\/v2\/media\/1081"}],"wp:attachment":[{"href":"https:\/\/tulibreando.com\/index.php\/wp-json\/wp\/v2\/media?parent=1226"}],"wp:term":[{"taxonomy":"product_cat","embeddable":true,"href":"https:\/\/tulibreando.com\/index.php\/wp-json\/wp\/v2\/product_cat?post=1226"},{"taxonomy":"product_tag","embeddable":true,"href":"https:\/\/tulibreando.com\/index.php\/wp-json\/wp\/v2\/product_tag?post=1226"}],"curies":[{"name":"wp","href":"https:\/\/api.w.org\/{rel}","templated":true}]}}