{"id":1221,"date":"2024-02-15T14:46:14","date_gmt":"2024-02-15T18:46:14","guid":{"rendered":"https:\/\/tulibreando.com\/?post_type=product&#038;p=1221"},"modified":"2024-06-06T15:16:54","modified_gmt":"2024-06-06T19:16:54","slug":"las-cartas-secretas-del-monje-que-vendio-su-ferrari","status":"publish","type":"product","link":"https:\/\/tulibreando.com\/index.php\/product\/las-cartas-secretas-del-monje-que-vendio-su-ferrari\/","title":{"rendered":"las cartas secretas del monje que vendi\u00f3 su ferrari"},"content":{"rendered":"<p>Las cartas secretas del monje que vendi\u00f3 su Ferrari descubren revelaciones sobre c\u00f3mo recuperar tu poder personal y entregarte sin miedo a tus sue\u00f1os.<\/p>\n","protected":false},"excerpt":{"rendered":"<p>Las cartas secretas del monje que vendi\u00f3 su Ferrari descubren revelaciones sobre c\u00f3mo recuperar tu poder personal y entregarte sin miedo a tus sue\u00f1os.<\/p>\n","protected":false},"featured_media":1101,"comment_status":"open","ping_status":"closed","template":"","meta":{"_acf_changed":false,"product_autor":""},"product_cat":[39,36,37],"product_tag":[],"class_list":{"0":"post-1221","1":"product","2":"type-product","3":"status-publish","4":"has-post-thumbnail","6":"product_cat-crecimiento-personal","7":"product_cat-libros","8":"product_cat-negocios","10":"first","11":"instock","12":"virtual","13":"purchasable","14":"product-type-simple"},"acf":[],"_links":{"self":[{"href":"https:\/\/tulibreando.com\/index.php\/wp-json\/wp\/v2\/product\/1221"}],"collection":[{"href":"https:\/\/tulibreando.com\/index.php\/wp-json\/wp\/v2\/product"}],"about":[{"href":"https:\/\/tulibreando.com\/index.php\/wp-json\/wp\/v2\/types\/product"}],"replies":[{"embeddable":true,"href":"https:\/\/tulibreando.com\/index.php\/wp-json\/wp\/v2\/comments?post=1221"}],"wp:featuredmedia":[{"embeddable":true,"href":"https:\/\/tulibreando.com\/index.php\/wp-json\/wp\/v2\/media\/1101"}],"wp:attachment":[{"href":"https:\/\/tulibreando.com\/index.php\/wp-json\/wp\/v2\/media?parent=1221"}],"wp:term":[{"taxonomy":"product_cat","embeddable":true,"href":"https:\/\/tulibreando.com\/index.php\/wp-json\/wp\/v2\/product_cat?post=1221"},{"taxonomy":"product_tag","embeddable":true,"href":"https:\/\/tulibreando.com\/index.php\/wp-json\/wp\/v2\/product_tag?post=1221"}],"curies":[{"name":"wp","href":"https:\/\/api.w.org\/{rel}","templated":true}]}}