{"id":1220,"date":"2024-02-15T14:46:14","date_gmt":"2024-02-15T18:46:14","guid":{"rendered":"https:\/\/tulibreando.com\/?post_type=product&#038;p=1220"},"modified":"2024-06-06T15:16:54","modified_gmt":"2024-06-06T19:16:54","slug":"el-alquimista","status":"publish","type":"product","link":"https:\/\/tulibreando.com\/index.php\/product\/el-alquimista\/","title":{"rendered":"El alquimista"},"content":{"rendered":"<p>El Alquimista relata las aventuras de Santiago, un joven pastor andaluz que un d\u00eda emprende un viaje por las arenas del desierto en busca de un tesoro. Lo que empieza como la b\u00fasqueda de bienes mundanos se convertir\u00e1 en el descubrimiento del tesoro interior.<\/p>\n","protected":false},"excerpt":{"rendered":"<p>El Alquimista relata las aventuras de Santiago, un joven pastor andaluz que un d\u00eda emprende un viaje por las arenas del desierto en busca de un tesoro. Lo que empieza como la b\u00fasqueda de bienes mundanos se convertir\u00e1 en el descubrimiento del tesoro interior.<\/p>\n","protected":false},"featured_media":1057,"comment_status":"open","ping_status":"closed","template":"","meta":{"_acf_changed":false,"product_autor":""},"product_cat":[45],"product_tag":[],"class_list":{"0":"post-1220","1":"product","2":"type-product","3":"status-publish","4":"has-post-thumbnail","6":"product_cat-literatura-y-novelas","8":"first","9":"instock","10":"virtual","11":"purchasable","12":"product-type-simple"},"acf":[],"_links":{"self":[{"href":"https:\/\/tulibreando.com\/index.php\/wp-json\/wp\/v2\/product\/1220"}],"collection":[{"href":"https:\/\/tulibreando.com\/index.php\/wp-json\/wp\/v2\/product"}],"about":[{"href":"https:\/\/tulibreando.com\/index.php\/wp-json\/wp\/v2\/types\/product"}],"replies":[{"embeddable":true,"href":"https:\/\/tulibreando.com\/index.php\/wp-json\/wp\/v2\/comments?post=1220"}],"wp:featuredmedia":[{"embeddable":true,"href":"https:\/\/tulibreando.com\/index.php\/wp-json\/wp\/v2\/media\/1057"}],"wp:attachment":[{"href":"https:\/\/tulibreando.com\/index.php\/wp-json\/wp\/v2\/media?parent=1220"}],"wp:term":[{"taxonomy":"product_cat","embeddable":true,"href":"https:\/\/tulibreando.com\/index.php\/wp-json\/wp\/v2\/product_cat?post=1220"},{"taxonomy":"product_tag","embeddable":true,"href":"https:\/\/tulibreando.com\/index.php\/wp-json\/wp\/v2\/product_tag?post=1220"}],"curies":[{"name":"wp","href":"https:\/\/api.w.org\/{rel}","templated":true}]}}