{"id":1218,"date":"2024-02-15T14:46:13","date_gmt":"2024-02-15T18:46:13","guid":{"rendered":"https:\/\/tulibreando.com\/?post_type=product&#038;p=1218"},"modified":"2024-06-06T15:16:54","modified_gmt":"2024-06-06T19:16:54","slug":"enfrente-a-sus-gigantes","status":"publish","type":"product","link":"https:\/\/tulibreando.com\/index.php\/product\/enfrente-a-sus-gigantes\/","title":{"rendered":"Enfrente a sus gigantes"},"content":{"rendered":"<p>En Enfrente a sus gigantes, Max Lucado utiliza la historia de David para ayudarle a aprender a permitir que Dios trabaje con usted y para usted, y para recordarle para qui\u00e9n es usted y qui\u00e9n es en \u00c9l. Usted es visto, amado y cuidado por el Dios que todav\u00eda hace lo imposible<\/p>\n","protected":false},"excerpt":{"rendered":"<p>En Enfrente a sus gigantes, Max Lucado utiliza la historia de David para ayudarle a aprender a permitir que Dios trabaje con usted y para usted, y para recordarle para qui\u00e9n es usted y qui\u00e9n es en \u00c9l. Usted es visto, amado y cuidado por el Dios que todav\u00eda hace lo imposible<\/p>\n","protected":false},"featured_media":1084,"comment_status":"open","ping_status":"closed","template":"","meta":{"_acf_changed":false,"product_autor":""},"product_cat":[39,36],"product_tag":[],"class_list":{"0":"post-1218","1":"product","2":"type-product","3":"status-publish","4":"has-post-thumbnail","6":"product_cat-crecimiento-personal","7":"product_cat-libros","9":"first","10":"instock","11":"virtual","12":"purchasable","13":"product-type-simple"},"acf":[],"_links":{"self":[{"href":"https:\/\/tulibreando.com\/index.php\/wp-json\/wp\/v2\/product\/1218"}],"collection":[{"href":"https:\/\/tulibreando.com\/index.php\/wp-json\/wp\/v2\/product"}],"about":[{"href":"https:\/\/tulibreando.com\/index.php\/wp-json\/wp\/v2\/types\/product"}],"replies":[{"embeddable":true,"href":"https:\/\/tulibreando.com\/index.php\/wp-json\/wp\/v2\/comments?post=1218"}],"wp:featuredmedia":[{"embeddable":true,"href":"https:\/\/tulibreando.com\/index.php\/wp-json\/wp\/v2\/media\/1084"}],"wp:attachment":[{"href":"https:\/\/tulibreando.com\/index.php\/wp-json\/wp\/v2\/media?parent=1218"}],"wp:term":[{"taxonomy":"product_cat","embeddable":true,"href":"https:\/\/tulibreando.com\/index.php\/wp-json\/wp\/v2\/product_cat?post=1218"},{"taxonomy":"product_tag","embeddable":true,"href":"https:\/\/tulibreando.com\/index.php\/wp-json\/wp\/v2\/product_tag?post=1218"}],"curies":[{"name":"wp","href":"https:\/\/api.w.org\/{rel}","templated":true}]}}