{"id":1208,"date":"2024-02-15T14:46:08","date_gmt":"2024-02-15T18:46:08","guid":{"rendered":"https:\/\/tulibreando.com\/?post_type=product&#038;p=1208"},"modified":"2024-06-06T15:16:50","modified_gmt":"2024-06-06T19:16:50","slug":"la-culpa-es-de-la-vaca","status":"publish","type":"product","link":"https:\/\/tulibreando.com\/index.php\/product\/la-culpa-es-de-la-vaca\/","title":{"rendered":"La culpa es de la vaca"},"content":{"rendered":"<p>La culpa es de la vaca re\u00fane an\u00e9cdotas, f\u00e1bulas y par\u00e1bolas de diversa procedencia que giran en torno a un punto com\u00fan: la necesidad del cambio. El mundo se ha transformado ante nuestros ojos, y debemos adaptarnos a las nuevas circunstancias con inteligencia, tolerancia, creatividad y respeto.<\/p>\n","protected":false},"excerpt":{"rendered":"<p>La culpa es de la vaca re\u00fane an\u00e9cdotas, f\u00e1bulas y par\u00e1bolas de diversa procedencia que giran en torno a un punto com\u00fan: la necesidad del cambio. El mundo se ha transformado ante nuestros ojos, y debemos adaptarnos a las nuevas circunstancias con inteligencia, tolerancia, creatividad y respeto.<\/p>\n","protected":false},"featured_media":1181,"comment_status":"open","ping_status":"closed","template":"","meta":{"_acf_changed":false,"product_autor":""},"product_cat":[39,36,37],"product_tag":[],"class_list":{"0":"post-1208","1":"product","2":"type-product","3":"status-publish","4":"has-post-thumbnail","6":"product_cat-crecimiento-personal","7":"product_cat-libros","8":"product_cat-negocios","10":"first","11":"instock","12":"virtual","13":"purchasable","14":"product-type-simple"},"acf":[],"_links":{"self":[{"href":"https:\/\/tulibreando.com\/index.php\/wp-json\/wp\/v2\/product\/1208"}],"collection":[{"href":"https:\/\/tulibreando.com\/index.php\/wp-json\/wp\/v2\/product"}],"about":[{"href":"https:\/\/tulibreando.com\/index.php\/wp-json\/wp\/v2\/types\/product"}],"replies":[{"embeddable":true,"href":"https:\/\/tulibreando.com\/index.php\/wp-json\/wp\/v2\/comments?post=1208"}],"wp:featuredmedia":[{"embeddable":true,"href":"https:\/\/tulibreando.com\/index.php\/wp-json\/wp\/v2\/media\/1181"}],"wp:attachment":[{"href":"https:\/\/tulibreando.com\/index.php\/wp-json\/wp\/v2\/media?parent=1208"}],"wp:term":[{"taxonomy":"product_cat","embeddable":true,"href":"https:\/\/tulibreando.com\/index.php\/wp-json\/wp\/v2\/product_cat?post=1208"},{"taxonomy":"product_tag","embeddable":true,"href":"https:\/\/tulibreando.com\/index.php\/wp-json\/wp\/v2\/product_tag?post=1208"}],"curies":[{"name":"wp","href":"https:\/\/api.w.org\/{rel}","templated":true}]}}