{"id":1206,"date":"2024-02-15T14:46:08","date_gmt":"2024-02-15T18:46:08","guid":{"rendered":"https:\/\/tulibreando.com\/?post_type=product&#038;p=1206"},"modified":"2024-06-06T15:16:50","modified_gmt":"2024-06-06T19:16:50","slug":"adulterio","status":"publish","type":"product","link":"https:\/\/tulibreando.com\/index.php\/product\/adulterio\/","title":{"rendered":"Adulterio"},"content":{"rendered":"<p>Linda est\u00e1 casada con un hombre rico, tienen dos hijos y la familia vive en una hermosa casa en Ginebra, Suiza. Trabaja en el peri\u00f3dico m\u00e1s importante del pa\u00eds, es guapa, viste bien y tiene todo lo que se pueda desear. A ojos de todos, su vida es perfecta. Sin embargo, no es feliz; una gran insatisfacci\u00f3n la corroe y se siente culpable por no ser capaz de disfrutar de lo que tiene. Por eso no habla con nadie de lo que sucede. Ama a su marido pero la relaci\u00f3n con \u00e9l se ha vuelto rutinaria, ap\u00e1tica<\/p>\n","protected":false},"excerpt":{"rendered":"<p>Linda est\u00e1 casada con un hombre rico, tienen dos hijos y la familia vive en una hermosa casa en Ginebra, Suiza. Trabaja en el peri\u00f3dico m\u00e1s importante del pa\u00eds, es guapa, viste bien y tiene todo lo que se pueda desear. A ojos de todos, su vida es perfecta. Sin embargo, no es feliz; una [&hellip;]<\/p>\n","protected":false},"featured_media":1035,"comment_status":"open","ping_status":"closed","template":"","meta":{"_acf_changed":false,"product_autor":""},"product_cat":[45],"product_tag":[],"class_list":{"0":"post-1206","1":"product","2":"type-product","3":"status-publish","4":"has-post-thumbnail","6":"product_cat-literatura-y-novelas","8":"first","9":"instock","10":"virtual","11":"purchasable","12":"product-type-simple"},"acf":[],"_links":{"self":[{"href":"https:\/\/tulibreando.com\/index.php\/wp-json\/wp\/v2\/product\/1206"}],"collection":[{"href":"https:\/\/tulibreando.com\/index.php\/wp-json\/wp\/v2\/product"}],"about":[{"href":"https:\/\/tulibreando.com\/index.php\/wp-json\/wp\/v2\/types\/product"}],"replies":[{"embeddable":true,"href":"https:\/\/tulibreando.com\/index.php\/wp-json\/wp\/v2\/comments?post=1206"}],"wp:featuredmedia":[{"embeddable":true,"href":"https:\/\/tulibreando.com\/index.php\/wp-json\/wp\/v2\/media\/1035"}],"wp:attachment":[{"href":"https:\/\/tulibreando.com\/index.php\/wp-json\/wp\/v2\/media?parent=1206"}],"wp:term":[{"taxonomy":"product_cat","embeddable":true,"href":"https:\/\/tulibreando.com\/index.php\/wp-json\/wp\/v2\/product_cat?post=1206"},{"taxonomy":"product_tag","embeddable":true,"href":"https:\/\/tulibreando.com\/index.php\/wp-json\/wp\/v2\/product_tag?post=1206"}],"curies":[{"name":"wp","href":"https:\/\/api.w.org\/{rel}","templated":true}]}}